{"id":6764,"date":"2023-05-16T21:14:10","date_gmt":"2023-05-16T21:14:10","guid":{"rendered":"https:\/\/www.snackonsite.com\/?page_id=6764"},"modified":"2025-05-22T09:05:38","modified_gmt":"2025-05-22T09:05:38","slug":"ueber-uns","status":"publish","type":"page","link":"https:\/\/www.snackonsite.com\/de-ch\/ueber-uns\/","title":{"rendered":"\u00dcber uns"},"content":{"rendered":"  <div id=\"page-header-1143828140\" class=\"page-header-wrapper\">\n  <div class=\"page-title sos-yellow-header dark normal-title\">\n\n    \n    <div class=\"page-title-inner container align-center flex-row medium-flex-wrap\" >\n              <div class=\"title-wrapper flex-col text-left medium-text-center\">\n          <h1 class=\"entry-title mb-0\">\n            \u00dcber uns          <\/h1>\n        <\/div>\n                    <div class=\"title-content flex-col flex-right text-right medium-text-center\">\n              <\/div>\n    <\/div>\n\n     \n<style>\n#page-header-1143828140 .page-title-inner {\n  min-height: 30px;\n}\n#page-header-1143828140 .title-overlay {\n  background-color: rgba(255, 255, 255, 0);\n}\n<\/style>\n  <\/div>\n    <\/div>\n  \n\n\t<section class=\"section\" id=\"section_251746951\">\n\t\t<div class=\"section-bg fill\" >\n\t\t\t\t\t\t\t\t\t\n\t\t\t\n\n\t\t<\/div>\n\n\t\t\n\n\t\t<div class=\"section-content relative\">\n\t\t\t\n<div class=\"row\"  id=\"row-6605786\">\n\n\t<div id=\"col-309347417\" class=\"col medium-6 small-12 large-6\"  >\n\t\t\t\t<div class=\"col-inner\"  >\n\t\t\t\n\t\t\t\n<h2 data-start=\"203\" data-end=\"230\">Snacks f\u00fcr jeden Anlass<\/h2>\n<p data-start=\"232\" data-end=\"480\">Snack on site ist Ihr Ansprechpartner, wenn es darum geht, Imbisswagen und Snackst\u00e4nde an den gew\u00fcnschten Ort in der Schweiz zu bringen. F\u00fcr jeden Anlass \u2013 ob klein oder gross \u2013 stellen wir den passenden Imbisswagen und ein passendes Men\u00fc zusammen.<\/p>\n<h3 data-start=\"482\" data-end=\"506\">Warum Snack on site?<\/h3>\n<p data-start=\"508\" data-end=\"687\">Unser Team arbeitet zuverl\u00e4ssig, geht flexibel auf W\u00fcnsche ein und plant gemeinsam mit Ihnen den passenden Einsatz. So wird Ihr Anlass gut organisiert und unkompliziert umgesetzt.<\/p>\n<p data-start=\"689\" data-end=\"786\">Sehen Sie sich unser aktuelles Angebot an oder senden Sie uns Ihre Anfrage \u00fcber die Kontaktseite.<\/p>\n<a href=\"https:\/\/www.snackonsite.com\/de-ch\/pakete\/\" class=\"button secondary\" style=\"border-radius:5px;\">\n\t\t<span>Pakete ansehen<\/span>\n\t<\/a>\n\n\t\t<\/div>\n\t\t\t\t\t<\/div>\n\n\t\n\n\t<div id=\"col-1431232100\" class=\"col medium-6 small-12 large-6\"  >\n\t\t\t\t<div class=\"col-inner\"  >\n\t\t\t\n\t\t\t\n\t<div class=\"img has-hover sos-img-radius x md-x lg-x y md-y lg-y\" id=\"image_951670408\">\n\t\t\t\t\t\t\t\t<div class=\"img-inner image-cover dark\" style=\"padding-top:80%;\">\n\t\t\t<img loading=\"lazy\" decoding=\"async\" width=\"993\" height=\"422\" src=\"https:\/\/www.snackonsite.com\/wp-content\/uploads\/imbisswagen-pommeswagen-schweiz.jpeg\" class=\"attachment-large size-large\" alt=\"imbisswagen der Schweiz\" srcset=\"https:\/\/www.snackonsite.com\/wp-content\/uploads\/imbisswagen-pommeswagen-schweiz.jpeg 993w, https:\/\/www.snackonsite.com\/wp-content\/uploads\/imbisswagen-pommeswagen-schweiz-300x127.jpeg 300w, https:\/\/www.snackonsite.com\/wp-content\/uploads\/imbisswagen-pommeswagen-schweiz-768x326.jpeg 768w\" sizes=\"auto, (max-width: 993px) 100vw, 993px\" \/>\t\t\t\t\t\t\n\t\t\t\t\t<\/div>\n\t\t\t\t\t\t\t\t\n<style>\n#image_951670408 {\n  width: 100%;\n}\n<\/style>\n\t<\/div>\n\t\n\t\t<\/div>\n\t\t\t\t\t<\/div>\n\n\t\n<\/div>\n\t\t<\/div>\n\n\t\t\n<style>\n#section_251746951 {\n  padding-top: 30px;\n  padding-bottom: 30px;\n}\n<\/style>\n\t<\/section>\n\t\n\n\t<section class=\"section\" id=\"section_1484646555\">\n\t\t<div class=\"section-bg fill\" >\n\t\t\t\t\t\t\t\t\t\n\t\t\t\n\n\t\t<\/div>\n\n\t\t\n\n\t\t<div class=\"section-content relative\">\n\t\t\t\n<div class=\"row\"  id=\"row-1590494586\">\n\n\t<div id=\"col-1165515368\" class=\"col medium-6 small-12 large-6 medium-col-first\"  >\n\t\t\t\t<div class=\"col-inner\"  >\n\t\t\t\n\t\t\t\n\t<div class=\"img has-hover sos-img-radius x md-x lg-x y md-y lg-y\" id=\"image_254134325\">\n\t\t\t\t\t\t\t\t<div class=\"img-inner dark\" >\n\t\t\t<img loading=\"lazy\" decoding=\"async\" width=\"965\" height=\"829\" src=\"https:\/\/www.snackonsite.com\/wp-content\/uploads\/Karte-Schweiz-foodtruck.webp\" class=\"attachment-large size-large\" alt=\"Foodtruck Karte Schweiz\" srcset=\"https:\/\/www.snackonsite.com\/wp-content\/uploads\/Karte-Schweiz-foodtruck.webp 965w, https:\/\/www.snackonsite.com\/wp-content\/uploads\/Karte-Schweiz-foodtruck-300x258.webp 300w, https:\/\/www.snackonsite.com\/wp-content\/uploads\/Karte-Schweiz-foodtruck-768x660.webp 768w\" sizes=\"auto, (max-width: 965px) 100vw, 965px\" \/>\t\t\t\t\t\t\n\t\t\t\t\t<\/div>\n\t\t\t\t\t\t\t\t\n<style>\n#image_254134325 {\n  width: 100%;\n}\n<\/style>\n\t<\/div>\n\t\n\t\t<\/div>\n\t\t\t\t\t<\/div>\n\n\t\n\n\t<div id=\"col-1151855771\" class=\"col medium-6 small-12 large-6\"  >\n\t\t\t\t<div class=\"col-inner\"  >\n\t\t\t\n\t\t\t\n<h2>Partner in der ganzen Schweiz<\/h2>\n<p>Snack on site arbeitet schweizweit mit zuverl\u00e4ssigen Partnern und Anbietern zusammen. Diese w\u00e4hlen wir sorgf\u00e4ltig aus \u2013 nach klaren Qualit\u00e4tsstandards, gutem Geschmack und einem bodenst\u00e4ndigen Ansatz.<\/p>\n<p>Dank dieser Zusammenarbeit k\u00f6nnen wir eine breite Auswahl an Konzepten rund um den mobilen Imbisswagen anbieten \u2013 vom Pommeswagen direkt vor dem Haus bis hin zu einfachen Cateringl\u00f6sungen f\u00fcr verschiedene Anl\u00e4sse.<\/p>\n<p>Haben Sie Fragen zu unseren Partnerschaften oder zu den Anforderungen, die wir an unsere Zusammenarbeit stellen? Dann kontaktieren Sie uns gerne. Bei jeder Buchung achten wir auf Qualit\u00e4t \u2013 mit dem Ziel, dass unsere Kundinnen und Kunden zufrieden sind und gerne wiederkommen.<\/p>\n\t\t<\/div>\n\t\t\t\t\t<\/div>\n\n\t\n<\/div>\n\t\t<\/div>\n\n\t\t\n<style>\n#section_1484646555 {\n  padding-top: 30px;\n  padding-bottom: 30px;\n  background-color: rgb(244, 244, 244);\n}\n<\/style>\n\t<\/section>\n\t\n\n\t<section class=\"section\" id=\"section_603239326\">\n\t\t<div class=\"section-bg fill\" >\n\t\t\t\t\t\t\t\t\t\n\t\t\t\n\n\t\t<\/div>\n\n\t\t\n\n\t\t<div class=\"section-content relative\">\n\t\t\t\n<div class=\"row\"  id=\"row-638819999\">\n\n\t<div id=\"col-1176675380\" class=\"col medium-6 small-12 large-6\"  >\n\t\t\t\t<div class=\"col-inner\"  >\n\t\t\t\n\t\t\t\n<h2 data-start=\"187\" data-end=\"221\">Mehr als nur Pommes und Snacks<\/h2>\n<p data-start=\"223\" data-end=\"407\">Wir bieten Standardmen\u00fcs zu festen Preisen an \u2013 so wissen Sie von Anfang an, womit Sie rechnen k\u00f6nnen. Diese Transparenz und Einfachheit sch\u00e4tzen unsere Kundinnen und Kunden besonders.<\/p>\n<h3 data-start=\"409\" data-end=\"451\">Und es geht auch mehr, wenn gew\u00fcnscht<\/h3>\n<p data-start=\"453\" data-end=\"665\">Wenn Sie f\u00fcr Ihren Anlass oder Ihre Veranstaltung etwas Besonderes suchen, unterst\u00fctzen wir Sie gerne \u2013 zum Beispiel mit einem individuell abgestimmten Men\u00fc oder zus\u00e4tzlichen Leistungen rund um Ihren Imbisswagen.<\/p>\n<p data-start=\"667\" data-end=\"882\">Durch unser Netzwerk k\u00f6nnen wir auf Wunsch auch Partyausstattung anbieten, etwa Zelte, Stehtische, Barhocker oder Beleuchtung. Damit schaffen wir eine passende Umgebung rund um den Foodtruck \u2013 praktisch und stimmig.<\/p>\n<a class=\"button secondary\" style=\"border-radius:5px;\">\n\t\t<span>Pakete ansehen<\/span>\n\t<\/a>\n\n\t\t<\/div>\n\t\t\t\t\t<\/div>\n\n\t\n\n\t<div id=\"col-65350752\" class=\"col medium-6 small-12 large-6 small-col-first\"  >\n\t\t\t\t<div class=\"col-inner\"  >\n\t\t\t\n\t\t\t\n\t<div class=\"img has-hover sos-img-radius x md-x lg-x y md-y lg-y\" id=\"image_2072500084\">\n\t\t\t\t\t\t\t\t<div class=\"img-inner image-cover dark\" style=\"padding-top:100%;\">\n\t\t\t<img loading=\"lazy\" decoding=\"async\" width=\"768\" height=\"789\" src=\"https:\/\/www.snackonsite.com\/wp-content\/uploads\/snack-on-site-schweiz-foodtruck.jpeg\" class=\"attachment-medium_large size-medium_large\" alt=\"foodtruck schweiz\" srcset=\"https:\/\/www.snackonsite.com\/wp-content\/uploads\/snack-on-site-schweiz-foodtruck.jpeg 768w, https:\/\/www.snackonsite.com\/wp-content\/uploads\/snack-on-site-schweiz-foodtruck-292x300.jpeg 292w\" sizes=\"auto, (max-width: 768px) 100vw, 768px\" \/>\t\t\t\t\t\t\n\t\t\t\t\t<\/div>\n\t\t\t\t\t\t\t\t\n<style>\n#image_2072500084 {\n  width: 100%;\n}\n<\/style>\n\t<\/div>\n\t\n\t\t<\/div>\n\t\t\t\t\t<\/div>\n\n\t\n<\/div>\n\t\t<\/div>\n\n\t\t\n<style>\n#section_603239326 {\n  padding-top: 30px;\n  padding-bottom: 30px;\n}\n<\/style>\n\t<\/section>\n\t\n","protected":false},"excerpt":{"rendered":"","protected":false},"author":1,"featured_media":6745,"parent":0,"menu_order":0,"comment_status":"closed","ping_status":"closed","template":"page-blank.php","meta":{"_yoast_wpseo_focuskw":"","_yoast_wpseo_title":"","_yoast_wpseo_metadesc":"","footnotes":""},"class_list":["post-6764","page","type-page","status-publish","has-post-thumbnail","hentry"],"yoast_head":"<!-- This site is optimized with the Yoast SEO plugin v27.6 - https:\/\/yoast.com\/product\/yoast-seo-wordpress\/ -->\n<title>\u00dcber uns - Snack on site<\/title>\n<meta name=\"robots\" content=\"index, follow, max-snippet:-1, max-image-preview:large, max-video-preview:-1\" \/>\n<link rel=\"canonical\" href=\"https:\/\/www.snackonsite.com\/de-ch\/ueber-uns\/\" \/>\n<meta property=\"og:locale\" content=\"en_US\" \/>\n<meta property=\"og:type\" content=\"article\" \/>\n<meta property=\"og:title\" content=\"\u00dcber uns - Snack on site\" \/>\n<meta property=\"og:url\" content=\"https:\/\/www.snackonsite.com\/de-ch\/ueber-uns\/\" \/>\n<meta property=\"og:site_name\" content=\"Snack on site\" \/>\n<meta property=\"article:modified_time\" content=\"2025-05-22T09:05:38+00:00\" \/>\n<meta property=\"og:image\" content=\"https:\/\/www.snackonsite.com\/wp-content\/uploads\/currywurst-bratwurst-schweiz.png\" \/>\n\t<meta property=\"og:image:width\" content=\"863\" \/>\n\t<meta property=\"og:image:height\" content=\"683\" \/>\n\t<meta property=\"og:image:type\" content=\"image\/png\" \/>\n<meta name=\"twitter:card\" content=\"summary_large_image\" \/>\n<script type=\"application\/ld+json\" class=\"yoast-schema-graph\">{\"@context\":\"https:\\\/\\\/schema.org\",\"@graph\":[{\"@type\":\"WebPage\",\"@id\":\"https:\\\/\\\/www.snackonsite.com\\\/de-ch\\\/ueber-uns\\\/\",\"url\":\"https:\\\/\\\/www.snackonsite.com\\\/de-ch\\\/ueber-uns\\\/\",\"name\":\"\u00dcber uns - Snack on site\",\"isPartOf\":{\"@id\":\"https:\\\/\\\/www.snackonsite.com\\\/de-ch\\\/#website\"},\"primaryImageOfPage\":{\"@id\":\"https:\\\/\\\/www.snackonsite.com\\\/de-ch\\\/ueber-uns\\\/#primaryimage\"},\"image\":{\"@id\":\"https:\\\/\\\/www.snackonsite.com\\\/de-ch\\\/ueber-uns\\\/#primaryimage\"},\"thumbnailUrl\":\"https:\\\/\\\/www.snackonsite.com\\\/wp-content\\\/uploads\\\/currywurst-bratwurst-schweiz.png\",\"datePublished\":\"2023-05-16T21:14:10+00:00\",\"dateModified\":\"2025-05-22T09:05:38+00:00\",\"breadcrumb\":{\"@id\":\"https:\\\/\\\/www.snackonsite.com\\\/de-ch\\\/ueber-uns\\\/#breadcrumb\"},\"inLanguage\":\"ch-DE\",\"potentialAction\":[{\"@type\":\"ReadAction\",\"target\":[\"https:\\\/\\\/www.snackonsite.com\\\/de-ch\\\/ueber-uns\\\/\"]}]},{\"@type\":\"ImageObject\",\"inLanguage\":\"ch-DE\",\"@id\":\"https:\\\/\\\/www.snackonsite.com\\\/de-ch\\\/ueber-uns\\\/#primaryimage\",\"url\":\"https:\\\/\\\/www.snackonsite.com\\\/wp-content\\\/uploads\\\/currywurst-bratwurst-schweiz.png\",\"contentUrl\":\"https:\\\/\\\/www.snackonsite.com\\\/wp-content\\\/uploads\\\/currywurst-bratwurst-schweiz.png\",\"width\":863,\"height\":683},{\"@type\":\"BreadcrumbList\",\"@id\":\"https:\\\/\\\/www.snackonsite.com\\\/de-ch\\\/ueber-uns\\\/#breadcrumb\",\"itemListElement\":[{\"@type\":\"ListItem\",\"position\":1,\"name\":\"Home\",\"item\":\"https:\\\/\\\/www.snackonsite.com\\\/de-ch\\\/\"},{\"@type\":\"ListItem\",\"position\":2,\"name\":\"\u00dcber uns\"}]},{\"@type\":\"WebSite\",\"@id\":\"https:\\\/\\\/www.snackonsite.com\\\/de-ch\\\/#website\",\"url\":\"https:\\\/\\\/www.snackonsite.com\\\/de-ch\\\/\",\"name\":\"Snack on site\",\"description\":\"Foodtrucks for all!\",\"publisher\":{\"@id\":\"https:\\\/\\\/www.snackonsite.com\\\/de-ch\\\/#organization\"},\"potentialAction\":[{\"@type\":\"SearchAction\",\"target\":{\"@type\":\"EntryPoint\",\"urlTemplate\":\"https:\\\/\\\/www.snackonsite.com\\\/de-ch\\\/?s={search_term_string}\"},\"query-input\":{\"@type\":\"PropertyValueSpecification\",\"valueRequired\":true,\"valueName\":\"search_term_string\"}}],\"inLanguage\":\"ch-DE\"},{\"@type\":\"Organization\",\"@id\":\"https:\\\/\\\/www.snackonsite.com\\\/de-ch\\\/#organization\",\"name\":\"Snack on site\",\"url\":\"https:\\\/\\\/www.snackonsite.com\\\/de-ch\\\/\",\"logo\":{\"@type\":\"ImageObject\",\"inLanguage\":\"ch-DE\",\"@id\":\"https:\\\/\\\/www.snackonsite.com\\\/de-ch\\\/#\\\/schema\\\/logo\\\/image\\\/\",\"url\":\"https:\\\/\\\/www.snackonsite.com\\\/wp-content\\\/uploads\\\/2023\\\/07\\\/test_logo.png\",\"contentUrl\":\"https:\\\/\\\/www.snackonsite.com\\\/wp-content\\\/uploads\\\/2023\\\/07\\\/test_logo.png\",\"width\":548,\"height\":455,\"caption\":\"Snack on site\"},\"image\":{\"@id\":\"https:\\\/\\\/www.snackonsite.com\\\/de-ch\\\/#\\\/schema\\\/logo\\\/image\\\/\"}}]}<\/script>\n<!-- \/ Yoast SEO plugin. -->","yoast_head_json":{"title":"\u00dcber uns - Snack on site","robots":{"index":"index","follow":"follow","max-snippet":"max-snippet:-1","max-image-preview":"max-image-preview:large","max-video-preview":"max-video-preview:-1"},"canonical":"https:\/\/www.snackonsite.com\/de-ch\/ueber-uns\/","og_locale":"en_US","og_type":"article","og_title":"\u00dcber uns - Snack on site","og_url":"https:\/\/www.snackonsite.com\/de-ch\/ueber-uns\/","og_site_name":"Snack on site","article_modified_time":"2025-05-22T09:05:38+00:00","og_image":[{"width":863,"height":683,"url":"https:\/\/www.snackonsite.com\/wp-content\/uploads\/currywurst-bratwurst-schweiz.png","type":"image\/png"}],"twitter_card":"summary_large_image","schema":{"@context":"https:\/\/schema.org","@graph":[{"@type":"WebPage","@id":"https:\/\/www.snackonsite.com\/de-ch\/ueber-uns\/","url":"https:\/\/www.snackonsite.com\/de-ch\/ueber-uns\/","name":"\u00dcber uns - Snack on site","isPartOf":{"@id":"https:\/\/www.snackonsite.com\/de-ch\/#website"},"primaryImageOfPage":{"@id":"https:\/\/www.snackonsite.com\/de-ch\/ueber-uns\/#primaryimage"},"image":{"@id":"https:\/\/www.snackonsite.com\/de-ch\/ueber-uns\/#primaryimage"},"thumbnailUrl":"https:\/\/www.snackonsite.com\/wp-content\/uploads\/currywurst-bratwurst-schweiz.png","datePublished":"2023-05-16T21:14:10+00:00","dateModified":"2025-05-22T09:05:38+00:00","breadcrumb":{"@id":"https:\/\/www.snackonsite.com\/de-ch\/ueber-uns\/#breadcrumb"},"inLanguage":"ch-DE","potentialAction":[{"@type":"ReadAction","target":["https:\/\/www.snackonsite.com\/de-ch\/ueber-uns\/"]}]},{"@type":"ImageObject","inLanguage":"ch-DE","@id":"https:\/\/www.snackonsite.com\/de-ch\/ueber-uns\/#primaryimage","url":"https:\/\/www.snackonsite.com\/wp-content\/uploads\/currywurst-bratwurst-schweiz.png","contentUrl":"https:\/\/www.snackonsite.com\/wp-content\/uploads\/currywurst-bratwurst-schweiz.png","width":863,"height":683},{"@type":"BreadcrumbList","@id":"https:\/\/www.snackonsite.com\/de-ch\/ueber-uns\/#breadcrumb","itemListElement":[{"@type":"ListItem","position":1,"name":"Home","item":"https:\/\/www.snackonsite.com\/de-ch\/"},{"@type":"ListItem","position":2,"name":"\u00dcber uns"}]},{"@type":"WebSite","@id":"https:\/\/www.snackonsite.com\/de-ch\/#website","url":"https:\/\/www.snackonsite.com\/de-ch\/","name":"Snack on site","description":"Foodtrucks for all!","publisher":{"@id":"https:\/\/www.snackonsite.com\/de-ch\/#organization"},"potentialAction":[{"@type":"SearchAction","target":{"@type":"EntryPoint","urlTemplate":"https:\/\/www.snackonsite.com\/de-ch\/?s={search_term_string}"},"query-input":{"@type":"PropertyValueSpecification","valueRequired":true,"valueName":"search_term_string"}}],"inLanguage":"ch-DE"},{"@type":"Organization","@id":"https:\/\/www.snackonsite.com\/de-ch\/#organization","name":"Snack on site","url":"https:\/\/www.snackonsite.com\/de-ch\/","logo":{"@type":"ImageObject","inLanguage":"ch-DE","@id":"https:\/\/www.snackonsite.com\/de-ch\/#\/schema\/logo\/image\/","url":"https:\/\/www.snackonsite.com\/wp-content\/uploads\/2023\/07\/test_logo.png","contentUrl":"https:\/\/www.snackonsite.com\/wp-content\/uploads\/2023\/07\/test_logo.png","width":548,"height":455,"caption":"Snack on site"},"image":{"@id":"https:\/\/www.snackonsite.com\/de-ch\/#\/schema\/logo\/image\/"}}]}},"_links":{"self":[{"href":"https:\/\/www.snackonsite.com\/de-ch\/wp-json\/wp\/v2\/pages\/6764","targetHints":{"allow":["GET"]}}],"collection":[{"href":"https:\/\/www.snackonsite.com\/de-ch\/wp-json\/wp\/v2\/pages"}],"about":[{"href":"https:\/\/www.snackonsite.com\/de-ch\/wp-json\/wp\/v2\/types\/page"}],"author":[{"embeddable":true,"href":"https:\/\/www.snackonsite.com\/de-ch\/wp-json\/wp\/v2\/users\/1"}],"replies":[{"embeddable":true,"href":"https:\/\/www.snackonsite.com\/de-ch\/wp-json\/wp\/v2\/comments?post=6764"}],"version-history":[{"count":2,"href":"https:\/\/www.snackonsite.com\/de-ch\/wp-json\/wp\/v2\/pages\/6764\/revisions"}],"predecessor-version":[{"id":6774,"href":"https:\/\/www.snackonsite.com\/de-ch\/wp-json\/wp\/v2\/pages\/6764\/revisions\/6774"}],"wp:featuredmedia":[{"embeddable":true,"href":"https:\/\/www.snackonsite.com\/de-ch\/wp-json\/wp\/v2\/media\/6745"}],"wp:attachment":[{"href":"https:\/\/www.snackonsite.com\/de-ch\/wp-json\/wp\/v2\/media?parent=6764"}],"curies":[{"name":"wp","href":"https:\/\/api.w.org\/{rel}","templated":true}]}}