{"id":6808,"date":"2023-05-30T20:06:56","date_gmt":"2023-05-30T20:06:56","guid":{"rendered":"https:\/\/www.snackonsite.com\/?page_id=6808"},"modified":"2025-05-22T09:32:01","modified_gmt":"2025-05-22T09:32:01","slug":"pakete","status":"publish","type":"page","link":"https:\/\/www.snackonsite.com\/de-ch\/pakete\/","title":{"rendered":"Pakete"},"content":{"rendered":"\n\t<section class=\"section\" id=\"section_54017977\">\n\t\t<div class=\"section-bg fill\" >\n\t\t\t\t\t\t\t\t\t\n\t\t\t\n\n\t\t<\/div>\n\n\t\t\n\n\t\t<div class=\"section-content relative\">\n\t\t\t\n<div class=\"row\"  id=\"row-1379380094\">\n\n\t<div id=\"col-1116952473\" class=\"col small-12 large-12\"  >\n\t\t\t\t<div class=\"col-inner\"  >\n\t\t\t\n\t\t\t\n<h2 style=\"text-align: center;\">Hier sind unsere unbegrenzten Angebote<\/h2>\n<p style=\"text-align: center;\">Das Essen von frischen Pommes und Snacks ist in jeder Pakete unbegrenzt m\u00f6glich.<\/p>\n\t\t<\/div>\n\t\t\t\t\n<style>\n#col-1116952473 > .col-inner {\n  margin: 0px 0px -30px 0px;\n}\n<\/style>\n\t<\/div>\n\n\t\n<\/div>\n\t\t<\/div>\n\n\t\t\n<style>\n#section_54017977 {\n  padding-top: 10px;\n  padding-bottom: 10px;\n  background-color: rgb(247, 247, 247);\n}\n<\/style>\n\t<\/section>\n\t\n\n\t<section class=\"section\" id=\"section_72971803\">\n\t\t<div class=\"section-bg fill\" >\n\t\t\t<img loading=\"lazy\" decoding=\"async\" width=\"2400\" height=\"1596\" src=\"https:\/\/www.snackonsite.com\/wp-content\/uploads\/schweiz-imbisswagen-wallpaper.webp\" class=\"bg attachment- size-\" alt=\"schweiz imbisswagen mieten\" \/>\t\t\t\t\t\t<div class=\"section-bg-overlay absolute fill\"><\/div>\n\t\t\t\n\n\t\t<\/div>\n\n\t\t\n\n\t\t<div class=\"section-content relative\">\n\t\t\t\n<div class=\"row\"  id=\"row-1587429815\">\n\n\n\t<div id=\"col-1772897319\" class=\"col medium-4 small-12 large-4\"  >\n\t\t\t\t<div class=\"col-inner\"  >\n\t\t\t\n\t\t\t\n\n<div class=\"row row-large align-middle align-center\"  id=\"row-1116147010\">\n\n\n\t<div id=\"col-1027250309\" class=\"col sos-package-box small-12 large-12\"  >\n\t\t\t\t<div class=\"col-inner text-center box-shadow-2\"  >\n\t\t\t\n\t\t\t\n\n\t<div id=\"text-2164817658\" class=\"text sos-package-header\">\n\t\t\n\n<p style=\"text-align: center;\"><span style=\"font-size: 140%; color: #808080;\"><strong>Pakete Basic<\/strong><\/span><\/p>\n\t\t\t<\/div>\n\t\n\t<div id=\"text-1011968132\" class=\"text\">\n\t\t\n\n<p style=\"text-align: center;\" data-line-height=\"xs\"><span style=\"font-size: 160%;\"><strong>\u20a3 25,00 <\/strong><\/span><span style=\"font-size: 85%;\">p.p.\u00a0<\/span><\/p>\n<p style=\"text-align: center;\" data-line-height=\"xs\"><span style=\"font-size: 85%;\">\u20a3 22,00 p.p.f\u00fcr Kinder bis 8 Jahre<\/span><\/p>\n<p style=\"text-align: center;\" data-line-height=\"xs\"><span style=\"font-size: 75%;\">Preise sind exklusive Mehrwertsteuer<\/span><\/p>\n\t\t\n<style>\n#text-1011968132 {\n  text-align: center;\n}\n<\/style>\n\t<\/div>\n\t\n<div class=\"accordion\">\n\n\t<div id=\"accordion-2988951157\" class=\"accordion-item sos-li-lines\">\n\t\t<a id=\"accordion-2988951157-label\" class=\"accordion-title plain\" href=\"#accordion-item-menu-ansehen\" aria-expanded=\"false\" aria-controls=\"accordion-2988951157-content\">\n\t\t\t<button class=\"toggle\" aria-label=\"Toggle\"><i class=\"icon-angle-down\" aria-hidden=\"true\"><\/i><\/button>\n\t\t\t<span>Menu ansehen<\/span>\n\t\t<\/a>\n\t\t<div id=\"accordion-2988951157-content\" class=\"accordion-inner\" aria-labelledby=\"accordion-2988951157-label\">\n\t\t\t\n\n<ul class=\"pakkettext\">\n<li class=\"bullet-checkmark\" style=\"text-align: left;\"><span style=\"font-size: 90%;\" data-line-height=\"xs\">Pommes<\/span><\/li>\n<li class=\"bullet-checkmark\" style=\"text-align: left;\"><span style=\"font-size: 90%;\">Currywurst<\/span><\/li>\n<li class=\"bullet-checkmark\" style=\"text-align: left;\"><span style=\"font-size: 90%;\">Bratwurst<\/span><\/li>\n<li class=\"bullet-checkmark\" style=\"text-align: left;\"><span style=\"font-size: 90%;\">Chicken nuggets<\/span><\/li>\n<\/ul>\n<p style=\"margin-bottom: 5px; text-align: left;\"><strong><span style=\"font-size: 90%;\">So\u00dfe &amp; toppings:<\/span><\/strong><\/p>\n<ul style=\"text-align: left;\">\n<li class=\"bullet-checkmark\"><span style=\"font-size: 90%;\">Mayonaise<\/span><\/li>\n<li class=\"bullet-checkmark\"><span style=\"font-size: 90%;\">Fritten So\u00dfe<\/span><\/li>\n<li class=\"bullet-checkmark\"><span style=\"font-size: 90%;\">Curryso\u00dfe<\/span><\/li>\n<li class=\"bullet-checkmark\"><span style=\"font-size: 90%;\">Ketchup<\/span><\/li>\n<li class=\"bullet-checkmark\"><span style=\"font-size: 90%;\">Senf<\/span><\/li>\n<li class=\"bullet-checkmark\"><span style=\"font-size: 90%;\">Frische Zwiebeln<\/span><\/li>\n<\/ul>\n<p style=\"text-align: left;\"><span style=\"font-size: 90%;\">\ud83c\udf31 Auch mit Veggie- und Halal-Varianten verf\u00fcgbar<\/span><\/p>\n<p style=\"text-align: left;\"><span style=\"font-size: 90%;\"><strong>Weitere Informationen:<\/strong><\/span><\/p>\n<ul>\n<li class=\"bullet-checkmark bullet-arrow\" style=\"text-align: left;\"><span style=\"font-size: 80%;\">Unbegrenzt frische Pommes und Snacks w\u00e4hrend der Backzeit<\/span><\/li>\n<li class=\"bullet-checkmark bullet-arrow\" style=\"text-align: left;\"><span style=\"font-size: 80%;\">F\u00fcr weniger als 45 Personen gilt ein Mindestbetrag von 450,00 \u20ac.<\/span><\/li>\n<\/ul>\n\n\t\t<\/div>\n\t<\/div>\n\t\n\n<\/div>\n<a href=\"https:\/\/www.snackonsite.com\/de-ch\/angebot-anfordern\/\" class=\"button primary is-small\" style=\"border-radius:5px;\">\n\t\t<span>Angebot anfordern<\/span>\n\t<\/a>\n\n\n\t<div id=\"gap-1008296846\" class=\"gap-element clearfix\" style=\"display:block; height:auto;\">\n\t\t\n<style>\n#gap-1008296846 {\n  padding-top: 10px;\n}\n<\/style>\n\t<\/div>\n\t\n\n\n\t\t<\/div>\n\t\t\t\t\n<style>\n#col-1027250309 > .col-inner {\n  margin: 20px 0px 0px 0px;\n  border-radius: 5px;\n  max-width: 98%;\n}\n<\/style>\n\t<\/div>\n\n\t\n\n\n<style>\n#row-1116147010 > .col > .col-inner {\n  border-radius: 5px;\n}\n<\/style>\n<\/div>\n\n\n\t\t<\/div>\n\t\t\t\t\t<\/div>\n\n\t\n\n\t<div id=\"col-453471759\" class=\"col medium-4 small-12 large-4\"  >\n\t\t\t\t<div class=\"col-inner\"  >\n\t\t\t\n\t\t\t\n\n<div class=\"row row-large align-middle align-center\"  id=\"row-1173026905\">\n\n\n\t<div id=\"col-1050112871\" class=\"col sos-package-box small-12 large-12\"  >\n\t\t\t\t<div class=\"col-inner text-center box-shadow-2\"  >\n\t\t\t\n\t\t\t\n\n\t<div id=\"text-679802170\" class=\"text sos-package-header-main\">\n\t\t\n\n<p style=\"text-align: center; margin-bottom: -0px;\"><span style=\"color: #000000; font-size: 150%;\"><strong>Pakete Party\u00a0<\/strong><\/span><\/p>\r\n<p style=\"text-align: center;\">Am beliebtesten!<\/p>\n\t\t\t<\/div>\n\t\n\t<div id=\"text-348401254\" class=\"text\">\n\t\t\n\n<p style=\"text-align: center;\" data-line-height=\"xs\"><span style=\"font-size: 160%;\"><strong>\u20a3 30,00 <\/strong><\/span><span style=\"font-size: 85%;\">p.p.\u00a0<\/span><\/p>\n<p style=\"text-align: center;\" data-line-height=\"xs\"><span style=\"font-size: 85%;\">\u20a3 27,00 p.p.f\u00fcr Kinder bis 8 Jahre<\/span><\/p>\n<p style=\"text-align: center;\" data-line-height=\"xs\"><span style=\"font-size: 75%;\">Preise sind exklusive Mehrwertsteuer<\/span><\/p>\n\t\t\n<style>\n#text-348401254 {\n  text-align: center;\n}\n<\/style>\n\t<\/div>\n\t\n<div class=\"accordion\">\n\n\t<div id=\"accordion-3173618076\" class=\"accordion-item sos-li-lines\">\n\t\t<a id=\"accordion-3173618076-label\" class=\"accordion-title plain\" href=\"#accordion-item-menu-ansehen\" aria-expanded=\"false\" aria-controls=\"accordion-3173618076-content\">\n\t\t\t<button class=\"toggle\" aria-label=\"Toggle\"><i class=\"icon-angle-down\" aria-hidden=\"true\"><\/i><\/button>\n\t\t\t<span>Menu ansehen<\/span>\n\t\t<\/a>\n\t\t<div id=\"accordion-3173618076-content\" class=\"accordion-inner\" aria-labelledby=\"accordion-3173618076-label\">\n\t\t\t\n\n<ul class=\"pakkettext\">\n<li class=\"bullet-checkmark\" style=\"text-align: left;\"><span style=\"font-size: 90%;\" data-line-height=\"xs\">Pommes<\/span><\/li>\n<li class=\"bullet-checkmark\" style=\"text-align: left;\"><span style=\"font-size: 90%;\">Currywurst<\/span><\/li>\n<li class=\"bullet-checkmark\" style=\"text-align: left;\"><span style=\"font-size: 90%;\">Bratwurst<\/span><\/li>\n<li class=\"bullet-checkmark\" style=\"text-align: left;\"><span style=\"font-size: 90%;\">Chicken nuggets<\/span><\/li>\n<li class=\"bullet-checkmark\" style=\"text-align: left;\"><span style=\"font-size: 90%;\">Schnitzel<\/span><\/li>\n<\/ul>\n<p style=\"margin-bottom: 5px; text-align: left;\"><strong><span style=\"font-size: 90%;\">So\u00dfe &amp; toppings:<\/span><\/strong><\/p>\n<ul style=\"text-align: left;\">\n<li class=\"bullet-checkmark\"><span style=\"font-size: 90%;\">Mayonaise<\/span><\/li>\n<li class=\"bullet-checkmark\"><span style=\"font-size: 90%;\">Fritten So\u00dfe<\/span><\/li>\n<li class=\"bullet-checkmark\"><span style=\"font-size: 90%;\">Curryso\u00dfe<\/span><\/li>\n<li class=\"bullet-checkmark\"><span style=\"font-size: 90%;\">Ketchup<\/span><\/li>\n<li class=\"bullet-checkmark\"><span style=\"font-size: 90%;\">Senf<\/span><\/li>\n<li class=\"bullet-checkmark\"><span style=\"font-size: 90%;\">Frische Zwiebeln <\/span><\/li>\n<\/ul>\n<p style=\"text-align: left;\"><span style=\"font-size: 90%;\">\ud83c\udf31 Auch mit Veggie- und Halal-Varianten verf\u00fcgbar<\/span><\/p>\n<p style=\"text-align: left;\"><strong><span style=\"font-size: 90%;\">Weitere Informationen:<\/span><\/strong><\/p>\n<ul>\n<li class=\"bullet-checkmark bullet-arrow\" style=\"text-align: left;\"><span style=\"font-size: 80%;\">Unbegrenzt frische Pommes und Snacks w\u00e4hrend der Backzeit<\/span><\/li>\n<li class=\"bullet-checkmark bullet-arrow\" style=\"text-align: left;\"><span style=\"font-size: 80%;\">F\u00fcr weniger als 45 Personen gilt ein Mindestbetrag von 540,00 \u20ac.<\/span><\/li>\n<\/ul>\n\n\t\t<\/div>\n\t<\/div>\n\t\n\n<\/div>\n<a href=\"https:\/\/www.snackonsite.com\/de-ch\/angebot-anfordern\/\" class=\"button primary is-small\" style=\"border-radius:5px;\">\n\t\t<span>Angebot anfordern<\/span>\n\t<\/a>\n\n\n\t<div id=\"gap-1560244476\" class=\"gap-element clearfix\" style=\"display:block; height:auto;\">\n\t\t\n<style>\n#gap-1560244476 {\n  padding-top: 10px;\n}\n<\/style>\n\t<\/div>\n\t\n\n\n\t\t<\/div>\n\t\t\t\t\n<style>\n#col-1050112871 > .col-inner {\n  margin: 0px 0px 0px 0px;\n  border-radius: 5px;\n  max-width: 98%;\n}\n<\/style>\n\t<\/div>\n\n\t\n\n\n<style>\n#row-1173026905 > .col > .col-inner {\n  border-radius: 5px;\n}\n<\/style>\n<\/div>\n\n\n\t\t<\/div>\n\t\t\t\t\t<\/div>\n\n\t\n\n\t<div id=\"col-208140844\" class=\"col medium-4 small-12 large-4\"  >\n\t\t\t\t<div class=\"col-inner\"  >\n\t\t\t\n\t\t\t\n\n<div class=\"row row-large align-middle align-center\"  id=\"row-283526163\">\n\n\n\t<div id=\"col-1754938768\" class=\"col sos-package-box small-12 large-12\"  >\n\t\t\t\t<div class=\"col-inner text-center box-shadow-2\"  >\n\t\t\t\n\t\t\t\n\n\t<div id=\"text-1801753760\" class=\"text sos-package-header\">\n\t\t\n\n<p style=\"text-align: center;\"><span style=\"color: #808080;\"><strong><span style=\"font-size: 140%;\">Pakete Luxus<\/span><\/strong><\/span><\/p>\n\t\t\t<\/div>\n\t\n\t<div id=\"text-867219984\" class=\"text\">\n\t\t\n\n<p style=\"text-align: center;\" data-line-height=\"xs\"><span style=\"font-size: 160%;\"><strong>\u20a3 32,00 <\/strong><\/span><span style=\"font-size: 85%;\">p.p.\u00a0<\/span><\/p>\n<p style=\"text-align: center;\" data-line-height=\"xs\"><span style=\"font-size: 85%;\">\u20a3 29,00 p.p.f\u00fcr Kinder bis 8 Jahre<\/span><\/p>\n<p style=\"text-align: center;\" data-line-height=\"xs\"><span style=\"font-size: 75%;\">Preise sind exklusive Mehrwertsteuer<\/span><\/p>\n\t\t\n<style>\n#text-867219984 {\n  text-align: center;\n}\n<\/style>\n\t<\/div>\n\t\n<div class=\"accordion\">\n\n\t<div id=\"accordion-2154228222\" class=\"accordion-item sos-li-lines\">\n\t\t<a id=\"accordion-2154228222-label\" class=\"accordion-title plain\" href=\"#accordion-item-menu-ansehen\" aria-expanded=\"false\" aria-controls=\"accordion-2154228222-content\">\n\t\t\t<button class=\"toggle\" aria-label=\"Toggle\"><i class=\"icon-angle-down\" aria-hidden=\"true\"><\/i><\/button>\n\t\t\t<span>Menu ansehen<\/span>\n\t\t<\/a>\n\t\t<div id=\"accordion-2154228222-content\" class=\"accordion-inner\" aria-labelledby=\"accordion-2154228222-label\">\n\t\t\t\n\n<ul class=\"pakkettext\">\n<li class=\"bullet-checkmark\" style=\"text-align: left;\"><span style=\"font-size: 90%;\" data-line-height=\"xs\">Pommes<\/span><\/li>\n<li class=\"bullet-checkmark\" style=\"text-align: left;\"><span style=\"font-size: 90%;\">Currywurst<\/span><\/li>\n<li class=\"bullet-checkmark\" style=\"text-align: left;\"><span style=\"font-size: 90%;\">Bratwurst<\/span><\/li>\n<li class=\"bullet-checkmark\" style=\"text-align: left;\"><span style=\"font-size: 90%;\">Chicken nuggets<\/span><\/li>\n<li class=\"bullet-checkmark\" style=\"text-align: left;\"><span style=\"font-size: 90%;\">Schnitzel<\/span><\/li>\n<li class=\"bullet-checkmark\" style=\"text-align: left;\"><span style=\"font-size: 90%;\">Hamburger<\/span><\/li>\n<li class=\"bullet-checkmark\" style=\"text-align: left;\"><span style=\"font-size: 90%;\">Hamburger Br\u00f6tchen<\/span><\/li>\n<\/ul>\n<p style=\"margin-bottom: 5px; text-align: left;\"><strong><span style=\"font-size: 90%;\">So\u00dfe &amp; toppings:<\/span><\/strong><\/p>\n<ul style=\"text-align: left;\">\n<li class=\"bullet-checkmark\"><span style=\"font-size: 90%;\">Mayonaise<\/span><\/li>\n<li class=\"bullet-checkmark\"><span style=\"font-size: 90%;\">Fritten So\u00dfe<\/span><\/li>\n<li class=\"bullet-checkmark\"><span style=\"font-size: 90%;\">Curryso\u00dfe<\/span><\/li>\n<li class=\"bullet-checkmark\"><span style=\"font-size: 90%;\">Ketchup<\/span><\/li>\n<li class=\"bullet-checkmark\"><span style=\"font-size: 90%;\">Senf<\/span><\/li>\n<li class=\"bullet-checkmark\"><span style=\"font-size: 90%;\">Frische Zwiebeln<\/span><\/li>\n<\/ul>\n<p style=\"text-align: left;\"><span style=\"font-size: 90%;\">\ud83c\udf31 Auch mit Veggie- und Halal-Varianten verf\u00fcgbar<\/span><\/p>\n<p style=\"text-align: left;\"><strong><span style=\"font-size: 90%;\">Weitere Informationen:<\/span><\/strong><\/p>\n<ul>\n<li class=\"bullet-checkmark bullet-arrow\" style=\"text-align: left;\"><span style=\"font-size: 80%;\">Unbegrenzt frische Pommes und Snacks w\u00e4hrend der Backzeit<\/span><\/li>\n<li class=\"bullet-checkmark bullet-arrow\" style=\"text-align: left;\"><span style=\"font-size: 80%;\">F\u00fcr weniger als 45 Personen gilt ein Mindestbetrag von 585,00 \u20ac.<\/span><\/li>\n<\/ul>\n\n\t\t<\/div>\n\t<\/div>\n\t\n\n<\/div>\n<a href=\"https:\/\/www.snackonsite.com\/de-ch\/angebot-anfordern\/\" class=\"button primary is-small\" style=\"border-radius:5px;\">\n\t\t<span>Angebot anfordern<\/span>\n\t<\/a>\n\n\n\t<div id=\"gap-813229415\" class=\"gap-element clearfix\" style=\"display:block; height:auto;\">\n\t\t\n<style>\n#gap-813229415 {\n  padding-top: 10px;\n}\n<\/style>\n\t<\/div>\n\t\n\n\n\t\t<\/div>\n\t\t\t\t\n<style>\n#col-1754938768 > .col-inner {\n  margin: 20px 0px 0px 0px;\n  border-radius: 5px;\n  max-width: 98%;\n}\n<\/style>\n\t<\/div>\n\n\t\n\n\n<style>\n#row-283526163 > .col > .col-inner {\n  border-radius: 5px;\n}\n<\/style>\n<\/div>\n\n\n\t\t<\/div>\n\t\t\t\t\t<\/div>\n\n\t\n\n<\/div>\n\t\t<\/div>\n\n\t\t\n<style>\n#section_72971803 {\n  padding-top: 60px;\n  padding-bottom: 60px;\n  background-color: rgba(222, 219, 219, 0.477);\n}\n#section_72971803 .section-bg-overlay {\n  background-color: rgba(220, 220, 220, 0.314);\n}\n<\/style>\n\t<\/section>\n\t\n<div class=\"message-box relative dark\" style=\"padding-top:15px;padding-bottom:15px;\"><div class=\"message-box-bg-image bg-fill fill\" ><\/div><div class=\"message-box-bg-overlay bg-fill fill\" ><\/div><div class=\"container relative\"><div class=\"inner last-reset\">\n<div class=\"row align-middle align-center\"  id=\"row-1121992101\">\n\n\t<div id=\"col-2079274315\" class=\"col medium-8 small-12 large-8\"  >\n\t\t\t\t<div class=\"col-inner\"  >\n\t\t\t\n\t\t\t\n<p>M\u00f6chten Sie lieber ein ma\u00dfgeschneidertes Men\u00fc zusammenstellen? Auf Anfrage k\u00f6nnen wir ein Men\u00fc erstellen, das perfekt zu Ihrer Feier oder Veranstaltung passt.<\/p>\n\t\t<\/div>\n\t\t\t\t\t<\/div>\n\n\t\n\n\t<div id=\"col-131131826\" class=\"col medium-3 small-12 large-3\"  >\n\t\t\t\t<div class=\"col-inner text-center\"  >\n\t\t\t\n\t\t\t\n<a href=\"https:\/\/www.snackonsite.com\/de-ch\/kontakt\/\" class=\"button white is-outline\" style=\"border-radius:99px;\">\n\t\t<span>Kontakt<\/span>\n\t<\/a>\n\n\t\t<\/div>\n\t\t\t\t\t<\/div>\n\n\t\n<\/div>\n<\/div><\/div><\/div>\n","protected":false},"excerpt":{"rendered":"","protected":false},"author":1,"featured_media":6767,"parent":0,"menu_order":0,"comment_status":"closed","ping_status":"closed","template":"page-blank.php","meta":{"_yoast_wpseo_focuskw":"","_yoast_wpseo_title":"","_yoast_wpseo_metadesc":"","footnotes":""},"class_list":["post-6808","page","type-page","status-publish","has-post-thumbnail","hentry"],"yoast_head":"<!-- This site is optimized with the Yoast SEO plugin v27.5 - https:\/\/yoast.com\/product\/yoast-seo-wordpress\/ -->\n<title>Pakete - Snack on site<\/title>\n<meta name=\"robots\" content=\"index, follow, max-snippet:-1, max-image-preview:large, max-video-preview:-1\" \/>\n<link rel=\"canonical\" href=\"https:\/\/www.snackonsite.com\/de-ch\/pakete\/\" \/>\n<meta property=\"og:locale\" content=\"en_US\" \/>\n<meta property=\"og:type\" content=\"article\" \/>\n<meta property=\"og:title\" content=\"Pakete - Snack on site\" \/>\n<meta property=\"og:url\" content=\"https:\/\/www.snackonsite.com\/de-ch\/pakete\/\" \/>\n<meta property=\"og:site_name\" content=\"Snack on site\" \/>\n<meta property=\"article:modified_time\" content=\"2025-05-22T09:32:01+00:00\" \/>\n<meta property=\"og:image\" content=\"https:\/\/www.snackonsite.com\/wp-content\/uploads\/snack-on-site-schweiz-foodtruck.jpeg\" \/>\n\t<meta property=\"og:image:width\" content=\"768\" \/>\n\t<meta property=\"og:image:height\" content=\"789\" \/>\n\t<meta property=\"og:image:type\" content=\"image\/jpeg\" \/>\n<meta name=\"twitter:card\" content=\"summary_large_image\" \/>\n<script type=\"application\/ld+json\" class=\"yoast-schema-graph\">{\"@context\":\"https:\\\/\\\/schema.org\",\"@graph\":[{\"@type\":\"WebPage\",\"@id\":\"https:\\\/\\\/www.snackonsite.com\\\/de-ch\\\/pakete\\\/\",\"url\":\"https:\\\/\\\/www.snackonsite.com\\\/de-ch\\\/pakete\\\/\",\"name\":\"Pakete - Snack on site\",\"isPartOf\":{\"@id\":\"https:\\\/\\\/www.snackonsite.com\\\/de-ch\\\/#website\"},\"primaryImageOfPage\":{\"@id\":\"https:\\\/\\\/www.snackonsite.com\\\/de-ch\\\/pakete\\\/#primaryimage\"},\"image\":{\"@id\":\"https:\\\/\\\/www.snackonsite.com\\\/de-ch\\\/pakete\\\/#primaryimage\"},\"thumbnailUrl\":\"https:\\\/\\\/www.snackonsite.com\\\/wp-content\\\/uploads\\\/snack-on-site-schweiz-foodtruck.jpeg\",\"datePublished\":\"2023-05-30T20:06:56+00:00\",\"dateModified\":\"2025-05-22T09:32:01+00:00\",\"breadcrumb\":{\"@id\":\"https:\\\/\\\/www.snackonsite.com\\\/de-ch\\\/pakete\\\/#breadcrumb\"},\"inLanguage\":\"ch-DE\",\"potentialAction\":[{\"@type\":\"ReadAction\",\"target\":[\"https:\\\/\\\/www.snackonsite.com\\\/de-ch\\\/pakete\\\/\"]}]},{\"@type\":\"ImageObject\",\"inLanguage\":\"ch-DE\",\"@id\":\"https:\\\/\\\/www.snackonsite.com\\\/de-ch\\\/pakete\\\/#primaryimage\",\"url\":\"https:\\\/\\\/www.snackonsite.com\\\/wp-content\\\/uploads\\\/snack-on-site-schweiz-foodtruck.jpeg\",\"contentUrl\":\"https:\\\/\\\/www.snackonsite.com\\\/wp-content\\\/uploads\\\/snack-on-site-schweiz-foodtruck.jpeg\",\"width\":768,\"height\":789,\"caption\":\"foodtruck schweiz\"},{\"@type\":\"BreadcrumbList\",\"@id\":\"https:\\\/\\\/www.snackonsite.com\\\/de-ch\\\/pakete\\\/#breadcrumb\",\"itemListElement\":[{\"@type\":\"ListItem\",\"position\":1,\"name\":\"Home\",\"item\":\"https:\\\/\\\/www.snackonsite.com\\\/de-ch\\\/\"},{\"@type\":\"ListItem\",\"position\":2,\"name\":\"Pakete\"}]},{\"@type\":\"WebSite\",\"@id\":\"https:\\\/\\\/www.snackonsite.com\\\/de-ch\\\/#website\",\"url\":\"https:\\\/\\\/www.snackonsite.com\\\/de-ch\\\/\",\"name\":\"Snack on site\",\"description\":\"Foodtrucks for all!\",\"publisher\":{\"@id\":\"https:\\\/\\\/www.snackonsite.com\\\/de-ch\\\/#organization\"},\"potentialAction\":[{\"@type\":\"SearchAction\",\"target\":{\"@type\":\"EntryPoint\",\"urlTemplate\":\"https:\\\/\\\/www.snackonsite.com\\\/de-ch\\\/?s={search_term_string}\"},\"query-input\":{\"@type\":\"PropertyValueSpecification\",\"valueRequired\":true,\"valueName\":\"search_term_string\"}}],\"inLanguage\":\"ch-DE\"},{\"@type\":\"Organization\",\"@id\":\"https:\\\/\\\/www.snackonsite.com\\\/de-ch\\\/#organization\",\"name\":\"Snack on site\",\"url\":\"https:\\\/\\\/www.snackonsite.com\\\/de-ch\\\/\",\"logo\":{\"@type\":\"ImageObject\",\"inLanguage\":\"ch-DE\",\"@id\":\"https:\\\/\\\/www.snackonsite.com\\\/de-ch\\\/#\\\/schema\\\/logo\\\/image\\\/\",\"url\":\"https:\\\/\\\/www.snackonsite.com\\\/wp-content\\\/uploads\\\/2023\\\/07\\\/test_logo.png\",\"contentUrl\":\"https:\\\/\\\/www.snackonsite.com\\\/wp-content\\\/uploads\\\/2023\\\/07\\\/test_logo.png\",\"width\":548,\"height\":455,\"caption\":\"Snack on site\"},\"image\":{\"@id\":\"https:\\\/\\\/www.snackonsite.com\\\/de-ch\\\/#\\\/schema\\\/logo\\\/image\\\/\"}}]}<\/script>\n<!-- \/ Yoast SEO plugin. -->","yoast_head_json":{"title":"Pakete - Snack on site","robots":{"index":"index","follow":"follow","max-snippet":"max-snippet:-1","max-image-preview":"max-image-preview:large","max-video-preview":"max-video-preview:-1"},"canonical":"https:\/\/www.snackonsite.com\/de-ch\/pakete\/","og_locale":"en_US","og_type":"article","og_title":"Pakete - Snack on site","og_url":"https:\/\/www.snackonsite.com\/de-ch\/pakete\/","og_site_name":"Snack on site","article_modified_time":"2025-05-22T09:32:01+00:00","og_image":[{"width":768,"height":789,"url":"https:\/\/www.snackonsite.com\/wp-content\/uploads\/snack-on-site-schweiz-foodtruck.jpeg","type":"image\/jpeg"}],"twitter_card":"summary_large_image","schema":{"@context":"https:\/\/schema.org","@graph":[{"@type":"WebPage","@id":"https:\/\/www.snackonsite.com\/de-ch\/pakete\/","url":"https:\/\/www.snackonsite.com\/de-ch\/pakete\/","name":"Pakete - Snack on site","isPartOf":{"@id":"https:\/\/www.snackonsite.com\/de-ch\/#website"},"primaryImageOfPage":{"@id":"https:\/\/www.snackonsite.com\/de-ch\/pakete\/#primaryimage"},"image":{"@id":"https:\/\/www.snackonsite.com\/de-ch\/pakete\/#primaryimage"},"thumbnailUrl":"https:\/\/www.snackonsite.com\/wp-content\/uploads\/snack-on-site-schweiz-foodtruck.jpeg","datePublished":"2023-05-30T20:06:56+00:00","dateModified":"2025-05-22T09:32:01+00:00","breadcrumb":{"@id":"https:\/\/www.snackonsite.com\/de-ch\/pakete\/#breadcrumb"},"inLanguage":"ch-DE","potentialAction":[{"@type":"ReadAction","target":["https:\/\/www.snackonsite.com\/de-ch\/pakete\/"]}]},{"@type":"ImageObject","inLanguage":"ch-DE","@id":"https:\/\/www.snackonsite.com\/de-ch\/pakete\/#primaryimage","url":"https:\/\/www.snackonsite.com\/wp-content\/uploads\/snack-on-site-schweiz-foodtruck.jpeg","contentUrl":"https:\/\/www.snackonsite.com\/wp-content\/uploads\/snack-on-site-schweiz-foodtruck.jpeg","width":768,"height":789,"caption":"foodtruck schweiz"},{"@type":"BreadcrumbList","@id":"https:\/\/www.snackonsite.com\/de-ch\/pakete\/#breadcrumb","itemListElement":[{"@type":"ListItem","position":1,"name":"Home","item":"https:\/\/www.snackonsite.com\/de-ch\/"},{"@type":"ListItem","position":2,"name":"Pakete"}]},{"@type":"WebSite","@id":"https:\/\/www.snackonsite.com\/de-ch\/#website","url":"https:\/\/www.snackonsite.com\/de-ch\/","name":"Snack on site","description":"Foodtrucks for all!","publisher":{"@id":"https:\/\/www.snackonsite.com\/de-ch\/#organization"},"potentialAction":[{"@type":"SearchAction","target":{"@type":"EntryPoint","urlTemplate":"https:\/\/www.snackonsite.com\/de-ch\/?s={search_term_string}"},"query-input":{"@type":"PropertyValueSpecification","valueRequired":true,"valueName":"search_term_string"}}],"inLanguage":"ch-DE"},{"@type":"Organization","@id":"https:\/\/www.snackonsite.com\/de-ch\/#organization","name":"Snack on site","url":"https:\/\/www.snackonsite.com\/de-ch\/","logo":{"@type":"ImageObject","inLanguage":"ch-DE","@id":"https:\/\/www.snackonsite.com\/de-ch\/#\/schema\/logo\/image\/","url":"https:\/\/www.snackonsite.com\/wp-content\/uploads\/2023\/07\/test_logo.png","contentUrl":"https:\/\/www.snackonsite.com\/wp-content\/uploads\/2023\/07\/test_logo.png","width":548,"height":455,"caption":"Snack on site"},"image":{"@id":"https:\/\/www.snackonsite.com\/de-ch\/#\/schema\/logo\/image\/"}}]}},"_links":{"self":[{"href":"https:\/\/www.snackonsite.com\/de-ch\/wp-json\/wp\/v2\/pages\/6808","targetHints":{"allow":["GET"]}}],"collection":[{"href":"https:\/\/www.snackonsite.com\/de-ch\/wp-json\/wp\/v2\/pages"}],"about":[{"href":"https:\/\/www.snackonsite.com\/de-ch\/wp-json\/wp\/v2\/types\/page"}],"author":[{"embeddable":true,"href":"https:\/\/www.snackonsite.com\/de-ch\/wp-json\/wp\/v2\/users\/1"}],"replies":[{"embeddable":true,"href":"https:\/\/www.snackonsite.com\/de-ch\/wp-json\/wp\/v2\/comments?post=6808"}],"version-history":[{"count":3,"href":"https:\/\/www.snackonsite.com\/de-ch\/wp-json\/wp\/v2\/pages\/6808\/revisions"}],"predecessor-version":[{"id":6811,"href":"https:\/\/www.snackonsite.com\/de-ch\/wp-json\/wp\/v2\/pages\/6808\/revisions\/6811"}],"wp:featuredmedia":[{"embeddable":true,"href":"https:\/\/www.snackonsite.com\/de-ch\/wp-json\/wp\/v2\/media\/6767"}],"wp:attachment":[{"href":"https:\/\/www.snackonsite.com\/de-ch\/wp-json\/wp\/v2\/media?parent=6808"}],"curies":[{"name":"wp","href":"https:\/\/api.w.org\/{rel}","templated":true}]}}