{"id":4035,"date":"2023-10-28T20:48:52","date_gmt":"2023-10-28T20:48:52","guid":{"rendered":"https:\/\/www.snackonsite.com\/?page_id=4035"},"modified":"2026-03-26T09:23:47","modified_gmt":"2026-03-26T09:23:47","slug":"allgemeine-geschaeftsbedingungen","status":"publish","type":"page","link":"https:\/\/www.snackonsite.com\/de\/allgemeine-geschaeftsbedingungen\/","title":{"rendered":"Allgemeine Gesch\u00e4ftsbedingungen"},"content":{"rendered":"  <div id=\"page-header-914638003\" class=\"page-header-wrapper\">\n  <div class=\"page-title dark featured-title\">\n\n    \n    <div class=\"page-title-inner container align-center flex-row medium-flex-wrap\" >\n              <div class=\"title-wrapper flex-col text-left medium-text-center\">\n          <h1 class=\"entry-title mb-0\">\n            Allgemeine Gesch\u00e4ftsbedingungen          <\/h1>\n        <\/div>\n                    <div class=\"title-content flex-col flex-right text-right medium-text-center\">\n        <div class=\"title-breadcrumbs pb-half pt-half\"><\/div>      <\/div>\n    <\/div>\n\n       <\/div>\n    <\/div>\n  \n\n\t<section class=\"section\" id=\"section_1582329932\">\n\t\t<div class=\"section-bg fill\" >\n\t\t\t\t\t\t\t\t\t\n\t\t\t\n\n\t\t<\/div>\n\n\t\t\n\n\t\t<div class=\"section-content relative\">\n\t\t\t\n<div class=\"row\"  id=\"row-675864106\">\n\n\t<div id=\"col-1425804560\" class=\"col small-12 large-12\"  >\n\t\t\t\t<div class=\"col-inner\"  >\n\t\t\t\n\t\t\t\n<h2>Artikel 1: Verpflichtungen des Auftraggebers<\/h2>\n<ol>\n<li>Der Auftraggeber muss f\u00fcr ausreichend Platz mit einem Mindestabstand von 11 Metern sorgen, um den Imbisswagen aufstellen zu k\u00f6nnen. Dies gilt nicht, wenn schriftlich etwas anderes vereinbart wurde. Snack on Site DE GmbH ben\u00f6tigt gen\u00fcgend Platz f\u00fcr den Imbisswagen (L\u00e4nge: 8 Meter, Breite: 2,20 Meter, H\u00f6he: 3,30 Meter).<\/li>\n<li>Der Auftraggeber muss sicherstellen, dass \u00f6ffentliche Stra\u00dfen, Rettungswege und\/oder Gehwege nicht blockiert werden und der Imbisswagen frei zug\u00e4nglich ist. Rettungskr\u00e4fte bzw. Notfalldienste m\u00fcssen im Falle eines Notfalls jederzeit freien Durchgang haben.<\/li>\n<li>Der Auftraggeber muss eine 220V-Stromversorgung f\u00fcr den Imbisswagen von Snack on Site DE GmbH (zur K\u00fchlung und Beleuchtung) bereitstellen.<\/li>\n<\/ol>\n<h2>Artikel 2: Verpflichtungen von Snack on Site DE GmbH<\/h2>\n<ol>\n<li>Snack on Site DE GmbH stellt selbst die erforderlichen Kabeltrommeln und Verl\u00e4ngerungskabel (20 Meter) bereit.<\/li>\n<li>Im Falle von Notf\u00e4llen, Unf\u00e4llen oder Defekten am Imbisswagen wird sich Snack on Site DE GmbH nach besten Kr\u00e4ften bem\u00fchen, eine passende L\u00f6sung zu finden.<\/li>\n<li>Der Imbisswagen von Snack on Site DE GmbH entspricht allen geltenden H.A.C.C.P.-Normen sowie den Hygiene- und Sicherheitsvorschriften.<\/li>\n<\/ol>\n<h2>Artikel 3: Auftrag (Buchung)<\/h2>\n<ol>\n<li>Eine Buchung kann nur per E-Mail oder durch eine schriftliche Best\u00e4tigung eines Angebots von Snack on Site DE GmbH erfolgen. Die Buchung ist erst dann endg\u00fcltig, wenn der Auftraggeber eine schriftliche Best\u00e4tigung von Snack on Site DE GmbH erhalten hat.<\/li>\n<li>Der Auftraggeber muss ber\u00fccksichtigen, dass sich die reservierte Zeit um eine halbe Stunde vor- oder zur\u00fcckverschieben kann. In diesem Fall wird Snack on Site DE GmbH den Auftraggeber so schnell wie m\u00f6glich informieren.<\/li>\n<li>Der Auftraggeber muss auch beachten, dass sich die Dienstleistung aufgrund unvorhergesehener Umst\u00e4nde verz\u00f6gern kann. Snack on Site DE GmbH wird sich bem\u00fchen, Verz\u00f6gerungen auf ein Minimum zu reduzieren.<\/li>\n<li>Die vom Auftraggeber angegebene Personenzahl kann bis sp\u00e4testens 7 Tage vor Beginn des Auftrags kostenlos ge\u00e4ndert werden, sofern keine anderslautende schriftliche Vereinbarung getroffen wurde.<\/li>\n<\/ol>\n<h2>Artikel 4: Zahlung<\/h2>\n<ol>\n<li>Nach Abschluss der Dienstleistung muss die Zahlung in bar an das Personal von Snack on Site DE GmbH erfolgen. Alternativ kann der Betrag nach Absprache im Voraus beglichen werden.<\/li>\n<li>Nach vorheriger Absprache kann auch eine Rechnung ausgestellt werden, die innerhalb von 30 Tagen nach Rechnungsdatum zu begleichen ist.<\/li>\n<\/ol>\n<h2>Artikel 5: Stornierung<\/h2>\n<ol>\n<li>Bei einer Stornierung durch den Auftraggeber werden bis zu 30 Tage vor dem Termin keine Stornierungskosten berechnet. Erfolgt die Stornierung innerhalb von 30 Tagen vor dem Termin, gelten folgende pauschalen Entsch\u00e4digungen:\n<ul>\n<li>Weniger als 30 Tage vor dem Termin: 25%<\/li>\n<li>Weniger als 20 Tage vor dem Termin: 50%<\/li>\n<li>Weniger als 10 Tage vor dem Termin: 75%<\/li>\n<li>Weniger als 1 Tag vor dem Termin: 100%<\/li>\n<\/ul>\n<\/li>\n<\/ol>\n<h2>Artikel 6: Verlust oder Besch\u00e4digung<\/h2>\n<p>Falls im Rahmen des Auftrags gemietete oder zur Verf\u00fcgung gestellte Gegenst\u00e4nde von Snack on Site DE GmbH verloren gehen oder besch\u00e4digt werden, wird dem Auftraggeber der entstandene Schaden in Rechnung gestellt.<\/p>\n<h2>Artikel 7: Haftung<\/h2>\n<ol>\n<li>Snack on Site DE GmbH haftet nicht f\u00fcr direkte oder indirekte Sch\u00e4den des Auftraggebers, es sei denn, diese beruhen auf Vorsatz oder grober Fahrl\u00e4ssigkeit.<\/li>\n<li>Der Auftraggeber stellt Snack on Site DE GmbH und deren Personal von allen Anspr\u00fcchen Dritter frei, die aus dem Auftrag resultieren.<\/li>\n<\/ol>\n<h2>Artikel 8: Datenschutz<\/h2>\n<ol>\n<li>Snack on Site DE GmbH handelt in \u00dcbereinstimmung mit den geltenden Datenschutzgesetzen.<\/li>\n<li>Personenbezogene Daten des Auftraggebers werden ohne ausdr\u00fcckliche Zustimmung oder gesetzliche Verpflichtung nicht an Dritte weitergegeben oder f\u00fcr andere als die vereinbarten Zwecke genutzt.<\/li>\n<\/ol>\n<h2>Artikel 9: Anwendbares Recht und Streitigkeiten<\/h2>\n<ol>\n<li>Auf den Vertrag zwischen Snack on Site DE GmbH und dem Auftraggeber findet ausschlie\u00dflich deutsches Recht Anwendung.<\/li>\n<li>Falls ein Streitfall nicht einvernehmlich gel\u00f6st werden kann, ist das zust\u00e4ndige Gericht am Sitz von Snack on Site DE GmbH f\u00fcr die Entscheidung zust\u00e4ndig.<\/li>\n<\/ol>\n\t\t<\/div>\n\t\t\t\t\t<\/div>\n\n\t\n<\/div>\n\t\t<\/div>\n\n\t\t\n<style>\n#section_1582329932 {\n  padding-top: 30px;\n  padding-bottom: 30px;\n}\n<\/style>\n\t<\/section>\n\t\n","protected":false},"excerpt":{"rendered":"","protected":false},"author":1,"featured_media":0,"parent":0,"menu_order":0,"comment_status":"closed","ping_status":"closed","template":"","meta":{"_yoast_wpseo_focuskw":"","_yoast_wpseo_title":"","_yoast_wpseo_metadesc":"","footnotes":""},"class_list":["post-4035","page","type-page","status-publish","hentry"],"yoast_head":"<!-- This site is optimized with the Yoast SEO plugin v27.5 - https:\/\/yoast.com\/product\/yoast-seo-wordpress\/ -->\n<title>Allgemeine Gesch\u00e4ftsbedingungen - Snack on site<\/title>\n<meta name=\"robots\" content=\"index, follow, max-snippet:-1, max-image-preview:large, max-video-preview:-1\" \/>\n<link rel=\"canonical\" href=\"https:\/\/www.snackonsite.com\/de\/allgemeine-geschaeftsbedingungen\/\" \/>\n<meta property=\"og:locale\" content=\"de_DE\" \/>\n<meta property=\"og:type\" content=\"article\" \/>\n<meta property=\"og:title\" content=\"Allgemeine Gesch\u00e4ftsbedingungen - Snack on site\" \/>\n<meta property=\"og:url\" content=\"https:\/\/www.snackonsite.com\/de\/allgemeine-geschaeftsbedingungen\/\" \/>\n<meta property=\"og:site_name\" content=\"Snack on site\" \/>\n<meta property=\"article:modified_time\" content=\"2026-03-26T09:23:47+00:00\" \/>\n<meta name=\"twitter:card\" content=\"summary_large_image\" \/>\n<script type=\"application\/ld+json\" class=\"yoast-schema-graph\">{\"@context\":\"https:\\\/\\\/schema.org\",\"@graph\":[{\"@type\":\"WebPage\",\"@id\":\"https:\\\/\\\/www.snackonsite.com\\\/de\\\/allgemeine-geschaeftsbedingungen\\\/\",\"url\":\"https:\\\/\\\/www.snackonsite.com\\\/de\\\/allgemeine-geschaeftsbedingungen\\\/\",\"name\":\"Allgemeine Gesch\u00e4ftsbedingungen - Snack on site\",\"isPartOf\":{\"@id\":\"https:\\\/\\\/www.snackonsite.com\\\/de\\\/#website\"},\"datePublished\":\"2023-10-28T20:48:52+00:00\",\"dateModified\":\"2026-03-26T09:23:47+00:00\",\"breadcrumb\":{\"@id\":\"https:\\\/\\\/www.snackonsite.com\\\/de\\\/allgemeine-geschaeftsbedingungen\\\/#breadcrumb\"},\"inLanguage\":\"de\",\"potentialAction\":[{\"@type\":\"ReadAction\",\"target\":[\"https:\\\/\\\/www.snackonsite.com\\\/de\\\/allgemeine-geschaeftsbedingungen\\\/\"]}]},{\"@type\":\"BreadcrumbList\",\"@id\":\"https:\\\/\\\/www.snackonsite.com\\\/de\\\/allgemeine-geschaeftsbedingungen\\\/#breadcrumb\",\"itemListElement\":[{\"@type\":\"ListItem\",\"position\":1,\"name\":\"Home\",\"item\":\"https:\\\/\\\/www.snackonsite.com\\\/de\\\/\"},{\"@type\":\"ListItem\",\"position\":2,\"name\":\"Allgemeine Gesch\u00e4ftsbedingungen\"}]},{\"@type\":\"WebSite\",\"@id\":\"https:\\\/\\\/www.snackonsite.com\\\/de\\\/#website\",\"url\":\"https:\\\/\\\/www.snackonsite.com\\\/de\\\/\",\"name\":\"Snack on site\",\"description\":\"Foodtrucks for all!\",\"publisher\":{\"@id\":\"https:\\\/\\\/www.snackonsite.com\\\/de\\\/#organization\"},\"potentialAction\":[{\"@type\":\"SearchAction\",\"target\":{\"@type\":\"EntryPoint\",\"urlTemplate\":\"https:\\\/\\\/www.snackonsite.com\\\/de\\\/?s={search_term_string}\"},\"query-input\":{\"@type\":\"PropertyValueSpecification\",\"valueRequired\":true,\"valueName\":\"search_term_string\"}}],\"inLanguage\":\"de\"},{\"@type\":\"Organization\",\"@id\":\"https:\\\/\\\/www.snackonsite.com\\\/de\\\/#organization\",\"name\":\"Snack on site\",\"url\":\"https:\\\/\\\/www.snackonsite.com\\\/de\\\/\",\"logo\":{\"@type\":\"ImageObject\",\"inLanguage\":\"de\",\"@id\":\"https:\\\/\\\/www.snackonsite.com\\\/de\\\/#\\\/schema\\\/logo\\\/image\\\/\",\"url\":\"https:\\\/\\\/www.snackonsite.com\\\/wp-content\\\/uploads\\\/2023\\\/07\\\/test_logo.png\",\"contentUrl\":\"https:\\\/\\\/www.snackonsite.com\\\/wp-content\\\/uploads\\\/2023\\\/07\\\/test_logo.png\",\"width\":548,\"height\":455,\"caption\":\"Snack on site\"},\"image\":{\"@id\":\"https:\\\/\\\/www.snackonsite.com\\\/de\\\/#\\\/schema\\\/logo\\\/image\\\/\"}}]}<\/script>\n<!-- \/ Yoast SEO plugin. -->","yoast_head_json":{"title":"Allgemeine Gesch\u00e4ftsbedingungen - Snack on site","robots":{"index":"index","follow":"follow","max-snippet":"max-snippet:-1","max-image-preview":"max-image-preview:large","max-video-preview":"max-video-preview:-1"},"canonical":"https:\/\/www.snackonsite.com\/de\/allgemeine-geschaeftsbedingungen\/","og_locale":"de_DE","og_type":"article","og_title":"Allgemeine Gesch\u00e4ftsbedingungen - Snack on site","og_url":"https:\/\/www.snackonsite.com\/de\/allgemeine-geschaeftsbedingungen\/","og_site_name":"Snack on site","article_modified_time":"2026-03-26T09:23:47+00:00","twitter_card":"summary_large_image","schema":{"@context":"https:\/\/schema.org","@graph":[{"@type":"WebPage","@id":"https:\/\/www.snackonsite.com\/de\/allgemeine-geschaeftsbedingungen\/","url":"https:\/\/www.snackonsite.com\/de\/allgemeine-geschaeftsbedingungen\/","name":"Allgemeine Gesch\u00e4ftsbedingungen - Snack on site","isPartOf":{"@id":"https:\/\/www.snackonsite.com\/de\/#website"},"datePublished":"2023-10-28T20:48:52+00:00","dateModified":"2026-03-26T09:23:47+00:00","breadcrumb":{"@id":"https:\/\/www.snackonsite.com\/de\/allgemeine-geschaeftsbedingungen\/#breadcrumb"},"inLanguage":"de","potentialAction":[{"@type":"ReadAction","target":["https:\/\/www.snackonsite.com\/de\/allgemeine-geschaeftsbedingungen\/"]}]},{"@type":"BreadcrumbList","@id":"https:\/\/www.snackonsite.com\/de\/allgemeine-geschaeftsbedingungen\/#breadcrumb","itemListElement":[{"@type":"ListItem","position":1,"name":"Home","item":"https:\/\/www.snackonsite.com\/de\/"},{"@type":"ListItem","position":2,"name":"Allgemeine Gesch\u00e4ftsbedingungen"}]},{"@type":"WebSite","@id":"https:\/\/www.snackonsite.com\/de\/#website","url":"https:\/\/www.snackonsite.com\/de\/","name":"Snack on site","description":"Foodtrucks for all!","publisher":{"@id":"https:\/\/www.snackonsite.com\/de\/#organization"},"potentialAction":[{"@type":"SearchAction","target":{"@type":"EntryPoint","urlTemplate":"https:\/\/www.snackonsite.com\/de\/?s={search_term_string}"},"query-input":{"@type":"PropertyValueSpecification","valueRequired":true,"valueName":"search_term_string"}}],"inLanguage":"de"},{"@type":"Organization","@id":"https:\/\/www.snackonsite.com\/de\/#organization","name":"Snack on site","url":"https:\/\/www.snackonsite.com\/de\/","logo":{"@type":"ImageObject","inLanguage":"de","@id":"https:\/\/www.snackonsite.com\/de\/#\/schema\/logo\/image\/","url":"https:\/\/www.snackonsite.com\/wp-content\/uploads\/2023\/07\/test_logo.png","contentUrl":"https:\/\/www.snackonsite.com\/wp-content\/uploads\/2023\/07\/test_logo.png","width":548,"height":455,"caption":"Snack on site"},"image":{"@id":"https:\/\/www.snackonsite.com\/de\/#\/schema\/logo\/image\/"}}]}},"_links":{"self":[{"href":"https:\/\/www.snackonsite.com\/de\/wp-json\/wp\/v2\/pages\/4035","targetHints":{"allow":["GET"]}}],"collection":[{"href":"https:\/\/www.snackonsite.com\/de\/wp-json\/wp\/v2\/pages"}],"about":[{"href":"https:\/\/www.snackonsite.com\/de\/wp-json\/wp\/v2\/types\/page"}],"author":[{"embeddable":true,"href":"https:\/\/www.snackonsite.com\/de\/wp-json\/wp\/v2\/users\/1"}],"replies":[{"embeddable":true,"href":"https:\/\/www.snackonsite.com\/de\/wp-json\/wp\/v2\/comments?post=4035"}],"version-history":[{"count":4,"href":"https:\/\/www.snackonsite.com\/de\/wp-json\/wp\/v2\/pages\/4035\/revisions"}],"predecessor-version":[{"id":13977,"href":"https:\/\/www.snackonsite.com\/de\/wp-json\/wp\/v2\/pages\/4035\/revisions\/13977"}],"wp:attachment":[{"href":"https:\/\/www.snackonsite.com\/de\/wp-json\/wp\/v2\/media?parent=4035"}],"curies":[{"name":"wp","href":"https:\/\/api.w.org\/{rel}","templated":true}]}}