{"id":1250,"date":"2023-10-28T20:48:52","date_gmt":"2023-10-28T20:48:52","guid":{"rendered":"https:\/\/www.snackonsite.com\/?page_id=1250"},"modified":"2024-11-07T10:04:20","modified_gmt":"2024-11-07T10:04:20","slug":"conditions-generales","status":"publish","type":"page","link":"https:\/\/www.snackonsite.com\/fr-be\/conditions-generales\/","title":{"rendered":"Conditions G\u00e9n\u00e9rales"},"content":{"rendered":"<p><span style=\"font-weight: 400;\">Derni\u00e8re date de mise \u00e0 jour : 29-01-2024\u00a0<\/span><\/p>\n<p><b>Article 1 : Obligation du client\u00a0<\/b><\/p>\n<ol>\n<li><span style=\"font-weight: 400;\"> Le client doit veiller \u00e0 disposer d&#8217;un espace de placement suffisant, avec une distance\u00a0 minimale de 11 m\u00e8tres, pour pouvoir placer le camion \u00e0 frites. Cette disposition ne\u00a0 s&#8217;applique pas s&#8217;il en a \u00e9t\u00e9 convenu autrement par \u00e9crit. Snack on Site BE a en effet\u00a0 besoin d&#8217;un espace suffisant pour placer le camion \u00e0 frites (longueur 8 m\u00e8tres, largeur\u00a0 2,20 m\u00e8tres et hauteur 3,30 m\u00e8tres).\u00a0<\/span><\/li>\n<li><span style=\"font-weight: 400;\"> Le client doit veiller \u00e0 ce que les voies publiques, les voies d&#8217;\u00e9vacuation et\/ou les\u00a0 chemins ne soient pas bloqu\u00e9s et \u00e0 ce que le camion \u00e0 frites soit librement accessible.\u00a0 En cas d&#8217;urgence, le personnel d&#8217;intervention et\/ou les services d&#8217;urgence doivent\u00a0 pouvoir circuler librement \u00e0 tout moment.\u00a0<\/span><\/li>\n<li><span style=\"font-weight: 400;\"> Le client fournit \u00e9galement une alimentation \u00e9lectrique de 220V pour (la r\u00e9frig\u00e9ration\u00a0 et l&#8217;\u00e9clairage) de la camionnette de Snack on Site BE.\u00a0<\/span><\/li>\n<\/ol>\n<p><b>Article 2 : Obligations de Snack on Site BE\u00a0<\/b><\/p>\n<ol>\n<li><span style=\"font-weight: 400;\"> Snack on Site BE est tenue de fournir le(s) enrouleur(s) de courant n\u00e9cessaire(s) et des\u00a0 rallonges (20 m\u00e8tres).\u00a0<\/span><\/li>\n<li><span style=\"font-weight: 400;\"> En cas de calamit\u00e9, de collision ou de panne du camion de frites, etc., Snack on Site BE\u00a0 s&#8217;efforcera de trouver une solution ad\u00e9quate.\u00a0<\/span><\/li>\n<li><span style=\"font-weight: 400;\"> Le camion de frites Snack on Site BE r\u00e9pond \u00e0 toutes les normes H.A.C.C.P. (Syst\u00e8me\u00a0 d\u2019analyse des risques de maitrise des points critiques) et\/ou aux exigences en mati\u00e8re\u00a0 d&#8217;hygi\u00e8ne et de s\u00e9curit\u00e9.<\/span><\/li>\n<\/ol>\n<p><b>Article 3 : Mission (r\u00e9servation)\u00a0<\/b><\/p>\n<ol>\n<li><span style=\"font-weight: 400;\"> Une cession (r\u00e9servation) ne peut se faire que par e-mail ou par confirmation \u00e9crite\u00a0 d&#8217;une offre de Snack on Site BE. Votre commande (r\u00e9servation) n&#8217;est d\u00e9finitive\u00a0 qu&#8217;apr\u00e8s r\u00e9ception d&#8217;une confirmation \u00e9crite de la mission (r\u00e9servation) de la part de\u00a0 Snack on Site BE.\u00a0\u00a0<\/span><\/li>\n<li><span style=\"font-weight: 400;\"> Le client doit tenir compte du fait que l&#8217;heure de r\u00e9servation peut \u00eatre avanc\u00e9e ou\u00a0 retard\u00e9e d&#8217;une demi-heure. En cas d&#8217;avance ou de retard, le client en sera inform\u00e9 dans\u00a0 les plus brefs d\u00e9lais.\u00a0<\/span><\/li>\n<li><span style=\"font-weight: 400;\"> Le client doit \u00e9galement tenir compte du fait qu&#8217;en raison de circonstances impr\u00e9vues,\u00a0 le service peut \u00eatre retard\u00e9. Snack on Site BE s&#8217;efforcera bien entendu de limiter ces\u00a0 retards.\u00a0<\/span><\/li>\n<li><span style=\"font-weight: 400;\"> Le nombre de personnes indiqu\u00e9 par le client peut \u00eatre modifi\u00e9 gratuitement, sauf\u00a0 accord \u00e9crit contraire, jusqu&#8217;\u00e0 5 jours ouvrables avant le d\u00e9but de la mission\u00a0 (r\u00e9servation).\u00a0\u00a0<\/span><\/li>\n<\/ol>\n<p><b>Article 4 : Paiement\u00a0<\/b><\/p>\n<ol>\n<li><span style=\"font-weight: 400;\"> A la fin du service, le client doit payer en esp\u00e8ces (au personnel de) Snack on Site BE.\u00a0 En concertation avec Snack on Site BE, le montant convenu peut \u00e9galement \u00eatre pay\u00e9\u00a0 \u00e0 l&#8217;avance.\u00a0<\/span><\/li>\n<li><span style=\"font-weight: 400;\"> En outre, en concertation avec Snack on Site BE, une facture peut \u00eatre envoy\u00e9e par la\u00a0 suite, que le client doit payer dans les 30 jours suivant la date de la facture.\u00a0<\/span><\/li>\n<li><span style=\"font-weight: 400;\"> En cas de non-paiement par un consommateur, Snack on Site BE envoie une mise en\u00a0 demeure \u00e9crite. Si aucun paiement n&#8217;a \u00e9t\u00e9 re\u00e7u apr\u00e8s l&#8217;expiration d&#8217;un d\u00e9lai de\u00a0 paiement suppl\u00e9mentaire fix\u00e9 par demande \u00e9crite, le client sera redevable d&#8217;une\u00a0 p\u00e9nalit\u00e9 \u00e9gale \u00e0 10 % du montant restant d\u00fb, avec un minimum de 20 euros si le solde d\u00fb est inf\u00e9rieur \u00e0 20 euros :\u00a0<\/span><\/li>\n<\/ol>\n<ul>\n<li style=\"list-style-type: none;\">\n<ul>\n<li><span style=\"font-weight: 400;\">20 euros si le solde d\u00fb est inf\u00e9rieur ou \u00e9gal \u00e0 150 euros<\/span><\/li>\n<li>30 euros plus 10 % du montant d\u00fb sur la tranche comprise entre 150,01 et 500\u00a0 euros si le solde d\u00fb est compris entre 150,01 et 500 euros<\/li>\n<li>65 euros plus 5 % du montant d\u00fb sur la tranche sup\u00e9rieure \u00e0 500 euros avec un\u00a0 maximum de 2000 euros si le solde d\u00fb est sup\u00e9rieur \u00e0 500 euros.<\/li>\n<\/ul>\n<\/li>\n<\/ul>\n<ol start=\"4\">\n<li><span style=\"font-weight: 400;\"> En cas de non-paiement par un client-entrepreneur \u00e0 l&#8217;\u00e9ch\u00e9ance, un int\u00e9r\u00eat \u00e9gal au taux\u00a0 d&#8217;int\u00e9r\u00eat l\u00e9gal applicable en cas de retard de paiement dans les transactions\u00a0 commerciales est d\u00fb de plein droit et sans mise en demeure pr\u00e9alable. Dans ce cas,\u00a0 Snack on Site a \u00e9galement droit, de par la loi et sans mise en demeure pr\u00e9alable, \u00e0 une\u00a0 indemnit\u00e9 forfaitaire de 40 euros pour compenser les frais de recouvrement. En outre,\u00a0 en cas de non-paiement total ou partiel de la dette \u00e0 la date d&#8217;\u00e9ch\u00e9ance, une indemnit\u00e9\u00a0 forfaitaire de 10 % du montant de la facture sera due de plein droit et sans mise en\u00a0 demeure, avec un minimum de 250 euros par facture.\u00a0<\/span><\/li>\n<li><span style=\"font-weight: 400;\"> Toute facture de Snack on Site BE est d\u00e9finitivement accept\u00e9e par le Client si elle n&#8217;est\u00a0 pas contest\u00e9e par lettre recommand\u00e9e dans les 7 jours calendrier suivant la r\u00e9ception\u00a0 de la facture, avec une explication d\u00e9taill\u00e9e des raisons de la contestation.\u00a0 L&#8217;introduction d&#8217;une contestation ne lib\u00e8re pas le Client de ses obligations de paiement.\u00a0<\/span><\/li>\n<\/ol>\n<p><b>Article 5 : Annulation\u00a0<\/b><\/p>\n<ol>\n<li>En cas d&#8217;annulation par le client, aucun frais d&#8217;annulation ne sera factur\u00e9 jusqu&#8217;\u00e0 30 jours avant le jour de la mission. En cas d&#8217;annulation par le client dans les 30 jours pr\u00e9c\u00e9dents le jour de la mission, les frais fixes suivants seront factur\u00e9s:\n<ul>\n<li>Annulation moins de 30 jours avant la mission: 25%<\/li>\n<li>Annulation moins de 20 jours avant la mission: 50%<\/li>\n<li>Annulation moins de 10 jours avant la mission: 75%<\/li>\n<li>Annulation moins de 1 jours avant la mission: 100%<\/li>\n<\/ul>\n<\/li>\n<li>Le client reconna\u00eet que le frais fixe est un montant uniquement destin\u00e9 \u00e0 la r\u00e9paration des dommages subis par le client. Cela comprend la nourriture qui a d\u00e9j\u00e0 \u00e9t\u00e9 achet\u00e9e et qui sera p\u00e9rim\u00e9e, les frais de personnel engag\u00e9s de toute fa\u00e7on et d&#8217;autres choses du m\u00eame genre.<\/li>\n<li>En cas d&#8217;annulation par Snack on Site BE dans les 30 jours pr\u00e9c\u00e9dents le jour de la commande, les m\u00eames frais forfaitaires ci-dessus seront d&#8217;application.<\/li>\n<li>En cas de force majeure (y compris en cas de d\u00e9c\u00e8s d&#8217;un client ou d&#8217;un parent au premier degr\u00e9 dans la p\u00e9riode allant de la confirmation de la commande au jour de la commande), tous les frais seront perdus. Les paiements effectu\u00e9s entre-temps seront alors annul\u00e9s.<\/li>\n<\/ol>\n<p><b>Article 6 : Articles manquants\u00a0<\/b><\/p>\n<p><span style=\"font-weight: 400;\">Si des biens lou\u00e9s ou mis \u00e0 disposition par Snack on Site BE dans le cadre de la commande\u00a0 sont manquants ou endommag\u00e9s, ils seront factur\u00e9s au client.\u00a0<\/span><\/p>\n<p><b>Article 7 : Responsabilit\u00e9\u00a0<\/b><\/p>\n<ol>\n<li><span style=\"font-weight: 400;\"> Snack on Site BE n&#8217;est pas responsable ni tenue de r\u00e9parer les dommages directs ou\u00a0 indirects subis par le client, sauf en cas d&#8217;intention ou de faute lourde.\u00a0<\/span><\/li>\n<li><span style=\"font-weight: 400;\"> Le client garantit Snack on Site BE et son personnel contre les r\u00e9clamations de tiers\u00a0 concernant des dommages caus\u00e9s par ou d\u00e9coulant de la commande aupr\u00e8s de Snack\u00a0 on Site BE. Snack on Site BE n&#8217;est pas responsable des dommages caus\u00e9s par les\u00a0 actions ou les omissions du client ou des personnes impliqu\u00e9es\/associ\u00e9es.<\/span><\/li>\n<li><span style=\"font-weight: 400;\"> La responsabilit\u00e9 de Snack on Site BE en vertue d&#8217;un accord conclu avec le client est\u00a0 limit\u00e9e en toutes circonstances au montant pay\u00e9 par l&#8217;assureur de Snack on Site BE, le\u00a0 cas \u00e9ch\u00e9ant. Si l&#8217;assureur de Snack on Site BE refuse sa couverture, la responsabilit\u00e9\u00a0 de Snack on Site BE est en tout \u00e9tat de cause limit\u00e9e au montant de la facture du\u00a0 contrat hors TVA. Toute autre responsabilit\u00e9, qu&#8217;il s&#8217;agisse de dommages directs ou\u00a0 indirects, de frais et d&#8217;int\u00e9r\u00eats, pour quelque raison que ce soit (y compris, mais sans\u00a0 s&#8217;y limiter, le fait d&#8217;agir en violation de la l\u00e9gislation relative au traitement des donn\u00e9es\u00a0 \u00e0 caract\u00e8re personnel), est exclue.\u00a0<\/span><\/li>\n<\/ol>\n<p><b>Article 8 : Protection des donn\u00e9es \u00e0 caract\u00e8re personnel\u00a0<\/b><\/p>\n<ol>\n<li><span style=\"font-weight: 400;\"> Snack on Site BE agit conform\u00e9ment \u00e0 la l\u00e9gislation relative \u00e0 la protection des\u00a0 donn\u00e9es \u00e0 caract\u00e8re personnel.\u00a0<\/span><\/li>\n<li><span style=\"font-weight: 400;\"> Snack on Site BE ne divulguera pas les donn\u00e9es personnelles du client \u00e0 des tiers et ne\u00a0 les utilisera pas \u00e0 d&#8217;autres fins que celles convenues, sans l&#8217;accord (\u00e9crit) expr\u00e8s du\u00a0 client ou une obligation l\u00e9gale. Ce faisant, Snack on Site BE tient compte de la\u00a0 n\u00e9cessit\u00e9 et de la nature de l&#8217;accord conclu avec le client, ainsi que de la finalit\u00e9 pour\u00a0 laquelle les donn\u00e9es \u00e0 caract\u00e8re personnel ont \u00e9t\u00e9 collect\u00e9es ou sont utilis\u00e9es et de la\u00a0 p\u00e9riode pendant laquelle les donn\u00e9es doivent \u00eatre conserv\u00e9es \u00e0 cette fin.\u00a0<\/span><\/li>\n<li><span style=\"font-weight: 400;\"> Snack on Site BE prend des mesures techniques et organisationnelles appropri\u00e9es pour\u00a0 prot\u00e9ger les donn\u00e9es \u00e0 caract\u00e8re personnel du client contre la perte ou toute forme de\u00a0 traitement illicite.\u00a0<\/span><\/li>\n<\/ol>\n<p><b>Article 9 : Droit applicable et litiges\u00a0<\/b><\/p>\n<ol>\n<li><span style=\"font-weight: 400;\"> Seul le droit belge s&#8217;applique \u00e0 un contrat conclu entre Snack on Site BE et un client.\u00a0<\/span><\/li>\n<li><span style=\"font-weight: 400;\"> En cas de litige qui ne peut \u00eatre r\u00e9solu par Snack on Site BE et un client en\u00a0 concertation mutuelle, chacune des parties est autoris\u00e9e \u00e0 faire trancher ce litige\u00a0 exclusivement par le juge comp\u00e9tent des tribunaux de l&#8217;arrondissement d&#8217;Anvers,\u00a0 section Turnhout.<\/span><\/li>\n<\/ol>\n","protected":false},"excerpt":{"rendered":"<p>Derni\u00e8re date de mise \u00e0 jour : 29-01-2024\u00a0 Article 1 : Obligation du client\u00a0 Le client doit veiller \u00e0 disposer d&#8217;un espace de placement suffisant, avec une distance\u00a0 minimale de 11 m\u00e8tres, pour pouvoir placer le camion \u00e0 frites. Cette disposition ne\u00a0 s&#8217;applique pas s&#8217;il en a \u00e9t\u00e9 convenu autrement par \u00e9crit. Snack on Site [&#8230;]\n","protected":false},"author":1,"featured_media":0,"parent":0,"menu_order":0,"comment_status":"closed","ping_status":"closed","template":"","meta":{"_yoast_wpseo_focuskw":"","_yoast_wpseo_title":"","_yoast_wpseo_metadesc":"","footnotes":""},"class_list":["post-1250","page","type-page","status-publish","hentry"],"yoast_head":"<!-- This site is optimized with the Yoast SEO plugin v27.5 - https:\/\/yoast.com\/product\/yoast-seo-wordpress\/ -->\n<title>Conditions G\u00e9n\u00e9rales - Snack on site<\/title>\n<meta name=\"robots\" content=\"index, follow, max-snippet:-1, max-image-preview:large, max-video-preview:-1\" \/>\n<link rel=\"canonical\" href=\"https:\/\/www.snackonsite.com\/fr-be\/conditions-generales\/\" \/>\n<meta property=\"og:locale\" content=\"fr_FR\" \/>\n<meta property=\"og:type\" content=\"article\" \/>\n<meta property=\"og:title\" content=\"Conditions G\u00e9n\u00e9rales - Snack on site\" \/>\n<meta property=\"og:description\" content=\"Derni\u00e8re date de mise \u00e0 jour : 29-01-2024\u00a0 Article 1 : Obligation du client\u00a0 Le client doit veiller \u00e0 disposer d&#8217;un espace de placement suffisant, avec une distance\u00a0 minimale de 11 m\u00e8tres, pour pouvoir placer le camion \u00e0 frites. Cette disposition ne\u00a0 s&#8217;applique pas s&#8217;il en a \u00e9t\u00e9 convenu autrement par \u00e9crit. Snack on Site [...]\" \/>\n<meta property=\"og:url\" content=\"https:\/\/www.snackonsite.com\/fr-be\/conditions-generales\/\" \/>\n<meta property=\"og:site_name\" content=\"Snack on site\" \/>\n<meta property=\"article:modified_time\" content=\"2024-11-07T10:04:20+00:00\" \/>\n<meta name=\"twitter:card\" content=\"summary_large_image\" \/>\n<script type=\"application\/ld+json\" class=\"yoast-schema-graph\">{\"@context\":\"https:\\\/\\\/schema.org\",\"@graph\":[{\"@type\":\"WebPage\",\"@id\":\"https:\\\/\\\/www.snackonsite.com\\\/fr-be\\\/conditions-generales\\\/\",\"url\":\"https:\\\/\\\/www.snackonsite.com\\\/fr-be\\\/conditions-generales\\\/\",\"name\":\"Conditions G\u00e9n\u00e9rales - Snack on site\",\"isPartOf\":{\"@id\":\"https:\\\/\\\/www.snackonsite.com\\\/fr-be\\\/#website\"},\"datePublished\":\"2023-10-28T20:48:52+00:00\",\"dateModified\":\"2024-11-07T10:04:20+00:00\",\"breadcrumb\":{\"@id\":\"https:\\\/\\\/www.snackonsite.com\\\/fr-be\\\/conditions-generales\\\/#breadcrumb\"},\"inLanguage\":\"fr-BE\",\"potentialAction\":[{\"@type\":\"ReadAction\",\"target\":[\"https:\\\/\\\/www.snackonsite.com\\\/fr-be\\\/conditions-generales\\\/\"]}]},{\"@type\":\"BreadcrumbList\",\"@id\":\"https:\\\/\\\/www.snackonsite.com\\\/fr-be\\\/conditions-generales\\\/#breadcrumb\",\"itemListElement\":[{\"@type\":\"ListItem\",\"position\":1,\"name\":\"Home\",\"item\":\"https:\\\/\\\/www.snackonsite.com\\\/fr-be\\\/\"},{\"@type\":\"ListItem\",\"position\":2,\"name\":\"Conditions G\u00e9n\u00e9rales\"}]},{\"@type\":\"WebSite\",\"@id\":\"https:\\\/\\\/www.snackonsite.com\\\/fr-be\\\/#website\",\"url\":\"https:\\\/\\\/www.snackonsite.com\\\/fr-be\\\/\",\"name\":\"Snack on site\",\"description\":\"Foodtrucks for all!\",\"publisher\":{\"@id\":\"https:\\\/\\\/www.snackonsite.com\\\/fr-be\\\/#organization\"},\"potentialAction\":[{\"@type\":\"SearchAction\",\"target\":{\"@type\":\"EntryPoint\",\"urlTemplate\":\"https:\\\/\\\/www.snackonsite.com\\\/fr-be\\\/?s={search_term_string}\"},\"query-input\":{\"@type\":\"PropertyValueSpecification\",\"valueRequired\":true,\"valueName\":\"search_term_string\"}}],\"inLanguage\":\"fr-BE\"},{\"@type\":\"Organization\",\"@id\":\"https:\\\/\\\/www.snackonsite.com\\\/fr-be\\\/#organization\",\"name\":\"Snack on site\",\"url\":\"https:\\\/\\\/www.snackonsite.com\\\/fr-be\\\/\",\"logo\":{\"@type\":\"ImageObject\",\"inLanguage\":\"fr-BE\",\"@id\":\"https:\\\/\\\/www.snackonsite.com\\\/fr-be\\\/#\\\/schema\\\/logo\\\/image\\\/\",\"url\":\"https:\\\/\\\/www.snackonsite.com\\\/wp-content\\\/uploads\\\/2023\\\/07\\\/test_logo.png\",\"contentUrl\":\"https:\\\/\\\/www.snackonsite.com\\\/wp-content\\\/uploads\\\/2023\\\/07\\\/test_logo.png\",\"width\":548,\"height\":455,\"caption\":\"Snack on site\"},\"image\":{\"@id\":\"https:\\\/\\\/www.snackonsite.com\\\/fr-be\\\/#\\\/schema\\\/logo\\\/image\\\/\"}}]}<\/script>\n<!-- \/ Yoast SEO plugin. -->","yoast_head_json":{"title":"Conditions G\u00e9n\u00e9rales - Snack on site","robots":{"index":"index","follow":"follow","max-snippet":"max-snippet:-1","max-image-preview":"max-image-preview:large","max-video-preview":"max-video-preview:-1"},"canonical":"https:\/\/www.snackonsite.com\/fr-be\/conditions-generales\/","og_locale":"fr_FR","og_type":"article","og_title":"Conditions G\u00e9n\u00e9rales - Snack on site","og_description":"Derni\u00e8re date de mise \u00e0 jour : 29-01-2024\u00a0 Article 1 : Obligation du client\u00a0 Le client doit veiller \u00e0 disposer d&#8217;un espace de placement suffisant, avec une distance\u00a0 minimale de 11 m\u00e8tres, pour pouvoir placer le camion \u00e0 frites. Cette disposition ne\u00a0 s&#8217;applique pas s&#8217;il en a \u00e9t\u00e9 convenu autrement par \u00e9crit. Snack on Site [...]","og_url":"https:\/\/www.snackonsite.com\/fr-be\/conditions-generales\/","og_site_name":"Snack on site","article_modified_time":"2024-11-07T10:04:20+00:00","twitter_card":"summary_large_image","schema":{"@context":"https:\/\/schema.org","@graph":[{"@type":"WebPage","@id":"https:\/\/www.snackonsite.com\/fr-be\/conditions-generales\/","url":"https:\/\/www.snackonsite.com\/fr-be\/conditions-generales\/","name":"Conditions G\u00e9n\u00e9rales - Snack on site","isPartOf":{"@id":"https:\/\/www.snackonsite.com\/fr-be\/#website"},"datePublished":"2023-10-28T20:48:52+00:00","dateModified":"2024-11-07T10:04:20+00:00","breadcrumb":{"@id":"https:\/\/www.snackonsite.com\/fr-be\/conditions-generales\/#breadcrumb"},"inLanguage":"fr-BE","potentialAction":[{"@type":"ReadAction","target":["https:\/\/www.snackonsite.com\/fr-be\/conditions-generales\/"]}]},{"@type":"BreadcrumbList","@id":"https:\/\/www.snackonsite.com\/fr-be\/conditions-generales\/#breadcrumb","itemListElement":[{"@type":"ListItem","position":1,"name":"Home","item":"https:\/\/www.snackonsite.com\/fr-be\/"},{"@type":"ListItem","position":2,"name":"Conditions G\u00e9n\u00e9rales"}]},{"@type":"WebSite","@id":"https:\/\/www.snackonsite.com\/fr-be\/#website","url":"https:\/\/www.snackonsite.com\/fr-be\/","name":"Snack on site","description":"Foodtrucks for all!","publisher":{"@id":"https:\/\/www.snackonsite.com\/fr-be\/#organization"},"potentialAction":[{"@type":"SearchAction","target":{"@type":"EntryPoint","urlTemplate":"https:\/\/www.snackonsite.com\/fr-be\/?s={search_term_string}"},"query-input":{"@type":"PropertyValueSpecification","valueRequired":true,"valueName":"search_term_string"}}],"inLanguage":"fr-BE"},{"@type":"Organization","@id":"https:\/\/www.snackonsite.com\/fr-be\/#organization","name":"Snack on site","url":"https:\/\/www.snackonsite.com\/fr-be\/","logo":{"@type":"ImageObject","inLanguage":"fr-BE","@id":"https:\/\/www.snackonsite.com\/fr-be\/#\/schema\/logo\/image\/","url":"https:\/\/www.snackonsite.com\/wp-content\/uploads\/2023\/07\/test_logo.png","contentUrl":"https:\/\/www.snackonsite.com\/wp-content\/uploads\/2023\/07\/test_logo.png","width":548,"height":455,"caption":"Snack on site"},"image":{"@id":"https:\/\/www.snackonsite.com\/fr-be\/#\/schema\/logo\/image\/"}}]}},"_links":{"self":[{"href":"https:\/\/www.snackonsite.com\/fr-be\/wp-json\/wp\/v2\/pages\/1250","targetHints":{"allow":["GET"]}}],"collection":[{"href":"https:\/\/www.snackonsite.com\/fr-be\/wp-json\/wp\/v2\/pages"}],"about":[{"href":"https:\/\/www.snackonsite.com\/fr-be\/wp-json\/wp\/v2\/types\/page"}],"author":[{"embeddable":true,"href":"https:\/\/www.snackonsite.com\/fr-be\/wp-json\/wp\/v2\/users\/1"}],"replies":[{"embeddable":true,"href":"https:\/\/www.snackonsite.com\/fr-be\/wp-json\/wp\/v2\/comments?post=1250"}],"version-history":[{"count":5,"href":"https:\/\/www.snackonsite.com\/fr-be\/wp-json\/wp\/v2\/pages\/1250\/revisions"}],"predecessor-version":[{"id":3547,"href":"https:\/\/www.snackonsite.com\/fr-be\/wp-json\/wp\/v2\/pages\/1250\/revisions\/3547"}],"wp:attachment":[{"href":"https:\/\/www.snackonsite.com\/fr-be\/wp-json\/wp\/v2\/media?parent=1250"}],"curies":[{"name":"wp","href":"https:\/\/api.w.org\/{rel}","templated":true}]}}