{"id":876,"date":"2023-08-15T19:45:44","date_gmt":"2023-08-15T19:45:44","guid":{"rendered":"https:\/\/www.snackonsite.com\/?page_id=876"},"modified":"2023-10-22T12:53:33","modified_gmt":"2023-10-22T12:53:33","slug":"contact","status":"publish","type":"page","link":"https:\/\/www.snackonsite.com\/fr-be\/contact\/","title":{"rendered":"Contact"},"content":{"rendered":"  <div id=\"page-header-2139139785\" class=\"page-header-wrapper\">\n  <div class=\"page-title sos-yellow-header dark normal-title\">\n\n    \n    <div class=\"page-title-inner container align-center flex-row medium-flex-wrap\" >\n              <div class=\"title-wrapper flex-col text-left medium-text-center\">\n          <h1 class=\"entry-title mb-0\">\n            Contactez Snack on site          <\/h1>\n        <\/div>\n                    <div class=\"title-content flex-col flex-right text-right medium-text-center\">\n        <div class=\"title-breadcrumbs pb-half pt-half\"><\/div>      <\/div>\n    <\/div>\n\n       <\/div>\n    <\/div>\n  \n\n\t<section class=\"section\" id=\"section_1477657377\">\n\t\t<div class=\"section-bg fill\" >\n\t\t\t\t\t\t\t\t\t\n\t\t\t\n\n\t\t<\/div>\n\n\t\t\n\n\t\t<div class=\"section-content relative\">\n\t\t\t\n<div class=\"row\"  id=\"row-716229259\">\n\n\t<div id=\"col-1583797637\" class=\"col medium-8 small-12 large-8\"  >\n\t\t\t\t<div class=\"col-inner\"  >\n\t\t\t\n\t\t\t\n<h2>Contactez-nous<\/h2>\n<p>Remplissez le formulaire ci-dessous si vous avez des questions ou des commentaires g\u00e9n\u00e9raux. Pr\u00e9f\u00e9rez-vous un devis gratuit imm\u00e9diat ? Demandez un devis sur notre page d\u00e9di\u00e9e aux devis.<\/p>\n<style id=\"wpforms-css-vars-881\">\n\t\t\t\t#wpforms-881 {\n\t\t\t\t\n\t\t\t}\n\t\t\t<\/style><div class=\"wpforms-container wpforms-container-full wpforms-render-modern\" id=\"wpforms-881\"><form id=\"wpforms-form-881\" class=\"wpforms-validate wpforms-form wpforms-ajax-form\" data-formid=\"881\" method=\"post\" enctype=\"multipart\/form-data\" action=\"\/fr-be\/wp-json\/wp\/v2\/pages\/876\" data-token=\"2f000d39bf114c595a50a74a5cc8ce30\" data-token-time=\"1777666744\"><noscript class=\"wpforms-error-noscript\">Veuillez activer JavaScript dans votre navigateur pour remplir ce formulaire.<\/noscript><div id=\"wpforms-error-noscript\" style=\"display: none;\">Veuillez activer JavaScript dans votre navigateur pour remplir ce formulaire.<\/div><div class=\"wpforms-field-container\"><div id=\"wpforms-881-field_0-container\" class=\"wpforms-field wpforms-field-name\" data-field-id=\"0\"><fieldset><legend class=\"wpforms-field-label\">Nom et pr\u00e9nom <span class=\"wpforms-required-label\" aria-hidden=\"true\">*<\/span><\/legend><div class=\"wpforms-field-row wpforms-field-large\"><div class=\"wpforms-field-row-block wpforms-first wpforms-one-half\"><input type=\"text\" id=\"wpforms-881-field_0\" class=\"wpforms-field-name-first wpforms-field-required\" name=\"wpforms[fields][0][first]\" placeholder=\"Nom\" aria-errormessage=\"wpforms-881-field_0-error\" required><label for=\"wpforms-881-field_0\" class=\"wpforms-field-sublabel after wpforms-sublabel-hide\">Pr\u00e9nom<\/label><\/div><div class=\"wpforms-field-row-block wpforms-one-half\"><input type=\"text\" id=\"wpforms-881-field_0-last\" class=\"wpforms-field-name-last wpforms-field-required\" name=\"wpforms[fields][0][last]\" placeholder=\"Pr\u00e9nom\" aria-errormessage=\"wpforms-881-field_0-last-error\" required><label for=\"wpforms-881-field_0-last\" class=\"wpforms-field-sublabel after wpforms-sublabel-hide\">Nom<\/label><\/div><\/div><\/fieldset><\/div><div id=\"wpforms-881-field_1-container\" class=\"wpforms-field wpforms-field-email\" data-field-id=\"1\"><label class=\"wpforms-field-label\" for=\"wpforms-881-field_1\">Email <span class=\"wpforms-required-label\" aria-hidden=\"true\">*<\/span><\/label><input type=\"email\" id=\"wpforms-881-field_1\" class=\"wpforms-field-large wpforms-field-required\" name=\"wpforms[fields][1]\" spellcheck=\"false\" aria-errormessage=\"wpforms-881-field_1-error\" required><\/div><div id=\"wpforms-881-field_3-container\" class=\"wpforms-field wpforms-field-text\" data-field-id=\"3\"><label class=\"wpforms-field-label\" for=\"wpforms-881-field_3\">Num\u00e9ro de t\u00e9l\u00e9phone <span class=\"wpforms-required-label\" aria-hidden=\"true\">*<\/span><\/label><input type=\"text\" id=\"wpforms-881-field_3\" class=\"wpforms-field-large wpforms-field-required\" name=\"wpforms[fields][3]\" aria-errormessage=\"wpforms-881-field_3-error\" required><\/div><div id=\"wpforms-881-field_2-container\" class=\"wpforms-field wpforms-field-textarea\" data-field-id=\"2\"><label class=\"wpforms-field-label\" for=\"wpforms-881-field_2\">Votre demande ou commentaire <span class=\"wpforms-required-label\" aria-hidden=\"true\">*<\/span><\/label><textarea id=\"wpforms-881-field_2\" class=\"wpforms-field-medium wpforms-field-required\" name=\"wpforms[fields][2]\" aria-errormessage=\"wpforms-881-field_2-error\" required><\/textarea><\/div><\/div><!-- .wpforms-field-container --><div class=\"wpforms-recaptcha-container wpforms-is-recaptcha wpforms-is-recaptcha-type-v2\" ><div class=\"g-recaptcha\" data-sitekey=\"6Ld9J1MmAAAAAKIKKKXQcIME_SyWdVjhdIhOdJX1\"><\/div><input type=\"text\" name=\"g-recaptcha-hidden\" class=\"wpforms-recaptcha-hidden\" style=\"position:absolute!important;clip:rect(0,0,0,0)!important;height:1px!important;width:1px!important;border:0!important;overflow:hidden!important;padding:0!important;margin:0!important;\" data-rule-recaptcha=\"1\"><\/div><div class=\"wpforms-submit-container\" ><input type=\"hidden\" name=\"wpforms[id]\" value=\"881\"><input type=\"hidden\" name=\"page_title\" value=\"\"><input type=\"hidden\" name=\"page_url\" value=\"https:\/\/www.snackonsite.com\/fr-be\/wp-json\/wp\/v2\/pages\/876\"><input type=\"hidden\" name=\"url_referer\" value=\"\"><button type=\"submit\" name=\"wpforms[submit]\" id=\"wpforms-submit-881\" class=\"wpforms-submit\" data-alt-text=\"Envoyer...\" data-submit-text=\"Envoyer\" aria-live=\"assertive\" value=\"wpforms-submit\">Envoyer<\/button><img loading=\"lazy\" decoding=\"async\" src=\"https:\/\/www.snackonsite.com\/wp-content\/plugins\/wpforms\/assets\/images\/submit-spin.svg\" class=\"wpforms-submit-spinner\" style=\"display: none;\" width=\"26\" height=\"26\" alt=\"Chargement en cours\"><\/div><\/form><\/div>  <!-- .wpforms-container -->\n<p>Snack on site est joignable par t\u00e9l\u00e9phone du lundi au vendredi de 09h00 \u00e0 17h00. Le samedi et le dimanche, nous sommes disponibles de 9h00 \u00e0 12h30.<\/p>\n\t\t<\/div>\n\t\t\t\t\t<\/div>\n\n\t\n\n\t<div id=\"col-729390380\" class=\"col medium-4 small-12 large-4\"  >\n\t\t\t\t<div class=\"col-inner\"  >\n\t\t\t\n\t\t\t\n<h3>Une r\u00e9ponse rapide et&#8230;<\/h3>\n<ul>\n<li class=\"bullet-star\">Nous r\u00e9fl\u00e9chissons avec vous<\/li>\n<li class=\"bullet-star\">Toujours accueillants<\/li>\n<li class=\"bullet-star\">\u00c9quipe chaleureuse<\/li>\n<li class=\"bullet-star\">Service rapide<\/li>\n<li class=\"bullet-star\">Nous couvrons toute la France!<\/li>\n<\/ul>\n<h3>Toujours convivial et d\u00e9licieux!<\/h3>\n\t<div class=\"img has-hover sos-img-radius x md-x lg-x y md-y lg-y\" id=\"image_605524071\">\n\t\t\t\t\t\t\t\t<div class=\"img-inner dark\" >\n\t\t\t<img loading=\"lazy\" decoding=\"async\" width=\"1\" height=\"1\" src=\"https:\/\/www.snackonsite.com\/wp-content\/uploads\/2023\/07\/snack-on-site-friet-op-locatie-vrouw.png\" class=\"attachment-medium size-medium\" alt=\"snack on site quote\" \/>\t\t\t\t\t\t\n\t\t\t\t\t<\/div>\n\t\t\t\t\t\t\t\t\n<style>\n#image_605524071 {\n  width: 100%;\n}\n<\/style>\n\t<\/div>\n\t\n\t\t<\/div>\n\t\t\t\t\t<\/div>\n\n\t\n<\/div>\n\t\t<\/div>\n\n\t\t\n<style>\n#section_1477657377 {\n  padding-top: 30px;\n  padding-bottom: 30px;\n}\n<\/style>\n\t<\/section>\n\t\n","protected":false},"excerpt":{"rendered":"","protected":false},"author":1,"featured_media":845,"parent":0,"menu_order":0,"comment_status":"closed","ping_status":"closed","template":"page-blank.php","meta":{"_yoast_wpseo_focuskw":"","_yoast_wpseo_title":"Contacter Snack on Site | Friterie ambulante","_yoast_wpseo_metadesc":"\u00c0 la recherche d'un food truck pour votre f\u00eate ou \u00e9v\u00e9nement ? Snack on Site propose un food truck adapt\u00e9 \u00e0 chaque occasion ! Contactez-nous.","footnotes":""},"class_list":["post-876","page","type-page","status-publish","has-post-thumbnail","hentry"],"yoast_head":"<!-- This site is optimized with the Yoast SEO plugin v27.5 - https:\/\/yoast.com\/product\/yoast-seo-wordpress\/ -->\n<title>Contacter Snack on Site | Friterie ambulante<\/title>\n<meta name=\"description\" content=\"\u00c0 la recherche d&#039;un food truck pour votre f\u00eate ou \u00e9v\u00e9nement ? Snack on Site propose un food truck adapt\u00e9 \u00e0 chaque occasion ! Contactez-nous.\" \/>\n<meta name=\"robots\" content=\"index, follow, max-snippet:-1, max-image-preview:large, max-video-preview:-1\" \/>\n<link rel=\"canonical\" href=\"https:\/\/www.snackonsite.com\/fr-be\/contact\/\" \/>\n<meta property=\"og:locale\" content=\"fr_FR\" \/>\n<meta property=\"og:type\" content=\"article\" \/>\n<meta property=\"og:title\" content=\"Contacter Snack on Site | Friterie ambulante\" \/>\n<meta property=\"og:description\" content=\"\u00c0 la recherche d&#039;un food truck pour votre f\u00eate ou \u00e9v\u00e9nement ? Snack on Site propose un food truck adapt\u00e9 \u00e0 chaque occasion ! Contactez-nous.\" \/>\n<meta property=\"og:url\" content=\"https:\/\/www.snackonsite.com\/fr-be\/contact\/\" \/>\n<meta property=\"og:site_name\" content=\"Snack on site\" \/>\n<meta property=\"article:modified_time\" content=\"2023-10-22T12:53:33+00:00\" \/>\n<meta property=\"og:image\" content=\"https:\/\/www.snackonsite.com\/wp-content\/uploads\/2023\/10\/friterie-mobile-Reservez.jpeg\" \/>\n\t<meta property=\"og:image:width\" content=\"993\" \/>\n\t<meta property=\"og:image:height\" content=\"422\" \/>\n\t<meta property=\"og:image:type\" content=\"image\/jpeg\" \/>\n<meta name=\"twitter:card\" content=\"summary_large_image\" \/>\n<script type=\"application\/ld+json\" class=\"yoast-schema-graph\">{\"@context\":\"https:\\\/\\\/schema.org\",\"@graph\":[{\"@type\":\"WebPage\",\"@id\":\"https:\\\/\\\/www.snackonsite.com\\\/fr-be\\\/contact\\\/\",\"url\":\"https:\\\/\\\/www.snackonsite.com\\\/fr-be\\\/contact\\\/\",\"name\":\"Contacter Snack on Site | Friterie ambulante\",\"isPartOf\":{\"@id\":\"https:\\\/\\\/www.snackonsite.com\\\/fr-be\\\/#website\"},\"primaryImageOfPage\":{\"@id\":\"https:\\\/\\\/www.snackonsite.com\\\/fr-be\\\/contact\\\/#primaryimage\"},\"image\":{\"@id\":\"https:\\\/\\\/www.snackonsite.com\\\/fr-be\\\/contact\\\/#primaryimage\"},\"thumbnailUrl\":\"https:\\\/\\\/www.snackonsite.com\\\/wp-content\\\/uploads\\\/2023\\\/10\\\/friterie-mobile-Reservez.jpeg\",\"datePublished\":\"2023-08-15T19:45:44+00:00\",\"dateModified\":\"2023-10-22T12:53:33+00:00\",\"description\":\"\u00c0 la recherche d'un food truck pour votre f\u00eate ou \u00e9v\u00e9nement ? Snack on Site propose un food truck adapt\u00e9 \u00e0 chaque occasion ! Contactez-nous.\",\"breadcrumb\":{\"@id\":\"https:\\\/\\\/www.snackonsite.com\\\/fr-be\\\/contact\\\/#breadcrumb\"},\"inLanguage\":\"fr-BE\",\"potentialAction\":[{\"@type\":\"ReadAction\",\"target\":[\"https:\\\/\\\/www.snackonsite.com\\\/fr-be\\\/contact\\\/\"]}]},{\"@type\":\"ImageObject\",\"inLanguage\":\"fr-BE\",\"@id\":\"https:\\\/\\\/www.snackonsite.com\\\/fr-be\\\/contact\\\/#primaryimage\",\"url\":\"https:\\\/\\\/www.snackonsite.com\\\/wp-content\\\/uploads\\\/2023\\\/10\\\/friterie-mobile-Reservez.jpeg\",\"contentUrl\":\"https:\\\/\\\/www.snackonsite.com\\\/wp-content\\\/uploads\\\/2023\\\/10\\\/friterie-mobile-Reservez.jpeg\",\"width\":993,\"height\":422,\"caption\":\"R\u00e9servez une friterie ambulante\"},{\"@type\":\"BreadcrumbList\",\"@id\":\"https:\\\/\\\/www.snackonsite.com\\\/fr-be\\\/contact\\\/#breadcrumb\",\"itemListElement\":[{\"@type\":\"ListItem\",\"position\":1,\"name\":\"Home\",\"item\":\"https:\\\/\\\/www.snackonsite.com\\\/fr-be\\\/\"},{\"@type\":\"ListItem\",\"position\":2,\"name\":\"Contact\"}]},{\"@type\":\"WebSite\",\"@id\":\"https:\\\/\\\/www.snackonsite.com\\\/fr-be\\\/#website\",\"url\":\"https:\\\/\\\/www.snackonsite.com\\\/fr-be\\\/\",\"name\":\"Snack on site\",\"description\":\"Foodtrucks for all!\",\"publisher\":{\"@id\":\"https:\\\/\\\/www.snackonsite.com\\\/fr-be\\\/#organization\"},\"potentialAction\":[{\"@type\":\"SearchAction\",\"target\":{\"@type\":\"EntryPoint\",\"urlTemplate\":\"https:\\\/\\\/www.snackonsite.com\\\/fr-be\\\/?s={search_term_string}\"},\"query-input\":{\"@type\":\"PropertyValueSpecification\",\"valueRequired\":true,\"valueName\":\"search_term_string\"}}],\"inLanguage\":\"fr-BE\"},{\"@type\":\"Organization\",\"@id\":\"https:\\\/\\\/www.snackonsite.com\\\/fr-be\\\/#organization\",\"name\":\"Snack on site\",\"url\":\"https:\\\/\\\/www.snackonsite.com\\\/fr-be\\\/\",\"logo\":{\"@type\":\"ImageObject\",\"inLanguage\":\"fr-BE\",\"@id\":\"https:\\\/\\\/www.snackonsite.com\\\/fr-be\\\/#\\\/schema\\\/logo\\\/image\\\/\",\"url\":\"https:\\\/\\\/www.snackonsite.com\\\/wp-content\\\/uploads\\\/2023\\\/07\\\/test_logo.png\",\"contentUrl\":\"https:\\\/\\\/www.snackonsite.com\\\/wp-content\\\/uploads\\\/2023\\\/07\\\/test_logo.png\",\"width\":548,\"height\":455,\"caption\":\"Snack on site\"},\"image\":{\"@id\":\"https:\\\/\\\/www.snackonsite.com\\\/fr-be\\\/#\\\/schema\\\/logo\\\/image\\\/\"}}]}<\/script>\n<!-- \/ Yoast SEO plugin. -->","yoast_head_json":{"title":"Contacter Snack on Site | Friterie ambulante","description":"\u00c0 la recherche d'un food truck pour votre f\u00eate ou \u00e9v\u00e9nement ? Snack on Site propose un food truck adapt\u00e9 \u00e0 chaque occasion ! Contactez-nous.","robots":{"index":"index","follow":"follow","max-snippet":"max-snippet:-1","max-image-preview":"max-image-preview:large","max-video-preview":"max-video-preview:-1"},"canonical":"https:\/\/www.snackonsite.com\/fr-be\/contact\/","og_locale":"fr_FR","og_type":"article","og_title":"Contacter Snack on Site | Friterie ambulante","og_description":"\u00c0 la recherche d'un food truck pour votre f\u00eate ou \u00e9v\u00e9nement ? Snack on Site propose un food truck adapt\u00e9 \u00e0 chaque occasion ! Contactez-nous.","og_url":"https:\/\/www.snackonsite.com\/fr-be\/contact\/","og_site_name":"Snack on site","article_modified_time":"2023-10-22T12:53:33+00:00","og_image":[{"width":993,"height":422,"url":"https:\/\/www.snackonsite.com\/wp-content\/uploads\/2023\/10\/friterie-mobile-Reservez.jpeg","type":"image\/jpeg"}],"twitter_card":"summary_large_image","schema":{"@context":"https:\/\/schema.org","@graph":[{"@type":"WebPage","@id":"https:\/\/www.snackonsite.com\/fr-be\/contact\/","url":"https:\/\/www.snackonsite.com\/fr-be\/contact\/","name":"Contacter Snack on Site | Friterie ambulante","isPartOf":{"@id":"https:\/\/www.snackonsite.com\/fr-be\/#website"},"primaryImageOfPage":{"@id":"https:\/\/www.snackonsite.com\/fr-be\/contact\/#primaryimage"},"image":{"@id":"https:\/\/www.snackonsite.com\/fr-be\/contact\/#primaryimage"},"thumbnailUrl":"https:\/\/www.snackonsite.com\/wp-content\/uploads\/2023\/10\/friterie-mobile-Reservez.jpeg","datePublished":"2023-08-15T19:45:44+00:00","dateModified":"2023-10-22T12:53:33+00:00","description":"\u00c0 la recherche d'un food truck pour votre f\u00eate ou \u00e9v\u00e9nement ? Snack on Site propose un food truck adapt\u00e9 \u00e0 chaque occasion ! Contactez-nous.","breadcrumb":{"@id":"https:\/\/www.snackonsite.com\/fr-be\/contact\/#breadcrumb"},"inLanguage":"fr-BE","potentialAction":[{"@type":"ReadAction","target":["https:\/\/www.snackonsite.com\/fr-be\/contact\/"]}]},{"@type":"ImageObject","inLanguage":"fr-BE","@id":"https:\/\/www.snackonsite.com\/fr-be\/contact\/#primaryimage","url":"https:\/\/www.snackonsite.com\/wp-content\/uploads\/2023\/10\/friterie-mobile-Reservez.jpeg","contentUrl":"https:\/\/www.snackonsite.com\/wp-content\/uploads\/2023\/10\/friterie-mobile-Reservez.jpeg","width":993,"height":422,"caption":"R\u00e9servez une friterie ambulante"},{"@type":"BreadcrumbList","@id":"https:\/\/www.snackonsite.com\/fr-be\/contact\/#breadcrumb","itemListElement":[{"@type":"ListItem","position":1,"name":"Home","item":"https:\/\/www.snackonsite.com\/fr-be\/"},{"@type":"ListItem","position":2,"name":"Contact"}]},{"@type":"WebSite","@id":"https:\/\/www.snackonsite.com\/fr-be\/#website","url":"https:\/\/www.snackonsite.com\/fr-be\/","name":"Snack on site","description":"Foodtrucks for all!","publisher":{"@id":"https:\/\/www.snackonsite.com\/fr-be\/#organization"},"potentialAction":[{"@type":"SearchAction","target":{"@type":"EntryPoint","urlTemplate":"https:\/\/www.snackonsite.com\/fr-be\/?s={search_term_string}"},"query-input":{"@type":"PropertyValueSpecification","valueRequired":true,"valueName":"search_term_string"}}],"inLanguage":"fr-BE"},{"@type":"Organization","@id":"https:\/\/www.snackonsite.com\/fr-be\/#organization","name":"Snack on site","url":"https:\/\/www.snackonsite.com\/fr-be\/","logo":{"@type":"ImageObject","inLanguage":"fr-BE","@id":"https:\/\/www.snackonsite.com\/fr-be\/#\/schema\/logo\/image\/","url":"https:\/\/www.snackonsite.com\/wp-content\/uploads\/2023\/07\/test_logo.png","contentUrl":"https:\/\/www.snackonsite.com\/wp-content\/uploads\/2023\/07\/test_logo.png","width":548,"height":455,"caption":"Snack on site"},"image":{"@id":"https:\/\/www.snackonsite.com\/fr-be\/#\/schema\/logo\/image\/"}}]}},"_links":{"self":[{"href":"https:\/\/www.snackonsite.com\/fr-be\/wp-json\/wp\/v2\/pages\/876","targetHints":{"allow":["GET"]}}],"collection":[{"href":"https:\/\/www.snackonsite.com\/fr-be\/wp-json\/wp\/v2\/pages"}],"about":[{"href":"https:\/\/www.snackonsite.com\/fr-be\/wp-json\/wp\/v2\/types\/page"}],"author":[{"embeddable":true,"href":"https:\/\/www.snackonsite.com\/fr-be\/wp-json\/wp\/v2\/users\/1"}],"replies":[{"embeddable":true,"href":"https:\/\/www.snackonsite.com\/fr-be\/wp-json\/wp\/v2\/comments?post=876"}],"version-history":[{"count":5,"href":"https:\/\/www.snackonsite.com\/fr-be\/wp-json\/wp\/v2\/pages\/876\/revisions"}],"predecessor-version":[{"id":887,"href":"https:\/\/www.snackonsite.com\/fr-be\/wp-json\/wp\/v2\/pages\/876\/revisions\/887"}],"wp:featuredmedia":[{"embeddable":true,"href":"https:\/\/www.snackonsite.com\/fr-be\/wp-json\/wp\/v2\/media\/845"}],"wp:attachment":[{"href":"https:\/\/www.snackonsite.com\/fr-be\/wp-json\/wp\/v2\/media?parent=876"}],"curies":[{"name":"wp","href":"https:\/\/api.w.org\/{rel}","templated":true}]}}