{"id":915,"date":"2023-05-16T21:14:10","date_gmt":"2023-05-16T21:14:10","guid":{"rendered":"https:\/\/www.snackonsite.com\/?page_id=915"},"modified":"2024-01-18T15:14:39","modified_gmt":"2024-01-18T15:14:39","slug":"a-propos","status":"publish","type":"page","link":"https:\/\/www.snackonsite.com\/fr-be\/a-propos\/","title":{"rendered":"\u00c0 propos"},"content":{"rendered":"  <div id=\"page-header-176180852\" class=\"page-header-wrapper\">\n  <div class=\"page-title sos-yellow-header dark normal-title\">\n\n    \n    <div class=\"page-title-inner container align-center flex-row medium-flex-wrap\" >\n              <div class=\"title-wrapper flex-col text-left medium-text-center\">\n          <h1 class=\"entry-title mb-0\">\n            \u00c0 propos          <\/h1>\n        <\/div>\n                    <div class=\"title-content flex-col flex-right text-right medium-text-center\">\n              <\/div>\n    <\/div>\n\n     \n<style>\n#page-header-176180852 .page-title-inner {\n  min-height: 30px;\n}\n#page-header-176180852 .title-overlay {\n  background-color: rgba(255, 255, 255, 0);\n}\n<\/style>\n  <\/div>\n    <\/div>\n  \n\n\t<section class=\"section\" id=\"section_1900082568\">\n\t\t<div class=\"section-bg fill\" >\n\t\t\t\t\t\t\t\t\t\n\t\t\t\n\n\t\t<\/div>\n\n\t\t\n\n\t\t<div class=\"section-content relative\">\n\t\t\t\n<div class=\"row\"  id=\"row-1754875020\">\n\n\t<div id=\"col-1854897357\" class=\"col medium-6 small-12 large-6\"  >\n\t\t\t\t<div class=\"col-inner\"  >\n\t\t\t\n\t\t\t\n<h2>Des en-cas pour toutes les occasions!<\/h2>\n<p>Snack on site est une plateforme sp\u00e9cialis\u00e9e dans la fourniture de friteries ambulantes sur place. Pour tous types de f\u00eates ou d&#8217;\u00e9v\u00e9nements, nous pouvons composer un assortiment de frites et snacks adapt\u00e9es a vos besoins.<\/p>\n<h3>Pourquoi choisir Snack on site?<\/h3>\n<p>Notre \u00e9quipe est pr\u00eate \u00e0 tout pour nos clients et n&#8217;h\u00e9site pas \u00e0 faire du sur-mesure. Avec vous, nous faisons de chaque f\u00eate ou \u00e9v\u00e9nement un grand succ\u00e8s!<\/p>\n<ul>\n<li>Nous nous d\u00e9pla\u00e7ons partout en Belgique<\/li>\n<li>Large choix de friteries ambulantes<\/li>\n<li>Accueil toujours chaleureux et amical<\/li>\n<\/ul>\n<p>Consultez notre offre actuelle ou contactez-nous si vous avez des questions.<\/p>\n<a href=\"https:\/\/www.snackonsite.com\/fr-be\/formules\/\" class=\"button secondary\" style=\"border-radius:5px;\">\n\t\t<span>Formules<\/span>\n\t<\/a>\n\n<a href=\"https:\/\/www.snackonsite.com\/fr-be\/demander-un-devis\/\" class=\"button primary is-outline\" style=\"border-radius:5px;\">\n\t\t<span>Demander un devis<\/span>\n\t<\/a>\n\n\t\t<\/div>\n\t\t\t\t\t<\/div>\n\n\t\n\n\t<div id=\"col-1439659821\" class=\"col medium-6 small-12 large-6\"  >\n\t\t\t\t<div class=\"col-inner\"  >\n\t\t\t\n\t\t\t\n\t<div class=\"img has-hover sos-img-radius x md-x lg-x y md-y lg-y\" id=\"image_813971599\">\n\t\t\t\t\t\t\t\t<div class=\"img-inner image-cover dark\" style=\"padding-top:75%;\">\n\t\t\t<img loading=\"lazy\" decoding=\"async\" width=\"768\" height=\"326\" src=\"https:\/\/www.snackonsite.com\/wp-content\/uploads\/2023\/10\/friterie-mobile-Reservez-768x326.jpeg\" class=\"attachment-medium_large size-medium_large\" alt=\"R\u00e9servez une friterie ambulante\" srcset=\"https:\/\/www.snackonsite.com\/wp-content\/uploads\/2023\/10\/friterie-mobile-Reservez-768x326.jpeg 768w, https:\/\/www.snackonsite.com\/wp-content\/uploads\/2023\/10\/friterie-mobile-Reservez-300x127.jpeg 300w, https:\/\/www.snackonsite.com\/wp-content\/uploads\/2023\/10\/friterie-mobile-Reservez.jpeg 993w\" sizes=\"auto, (max-width: 768px) 100vw, 768px\" \/>\t\t\t\t\t\t\n\t\t\t\t\t<\/div>\n\t\t\t\t\t\t\t\t\n<style>\n#image_813971599 {\n  width: 100%;\n}\n<\/style>\n\t<\/div>\n\t\n\t\t<\/div>\n\t\t\t\t\t<\/div>\n\n\t\n<\/div>\n\t\t<\/div>\n\n\t\t\n<style>\n#section_1900082568 {\n  padding-top: 30px;\n  padding-bottom: 30px;\n}\n<\/style>\n\t<\/section>\n\t\n\n\t<section class=\"section\" id=\"section_1181861154\">\n\t\t<div class=\"section-bg fill\" >\n\t\t\t\t\t\t\t\t\t\n\t\t\t\n\n\t\t<\/div>\n\n\t\t\n\n\t\t<div class=\"section-content relative\">\n\t\t\t\n<div class=\"row\"  id=\"row-635401544\">\n\n\t<div id=\"col-1027455986\" class=\"col medium-6 small-12 large-6 medium-col-first\"  >\n\t\t\t\t<div class=\"col-inner\"  >\n\t\t\t\n\t\t\t\n\t<div class=\"img has-hover sos-img-radius x md-x lg-x y md-y lg-y\" id=\"image_1773543310\">\n\t\t\t\t\t\t\t\t<div class=\"img-inner dark\" >\n\t\t\t<img loading=\"lazy\" decoding=\"async\" width=\"768\" height=\"680\" src=\"https:\/\/www.snackonsite.com\/wp-content\/uploads\/2023\/08\/snack-on-site-belgium-768x680.png\" class=\"attachment-medium_large size-medium_large\" alt=\"snack on site belgium\" srcset=\"https:\/\/www.snackonsite.com\/wp-content\/uploads\/2023\/08\/snack-on-site-belgium-768x680.png 768w, https:\/\/www.snackonsite.com\/wp-content\/uploads\/2023\/08\/snack-on-site-belgium-300x266.png 300w, https:\/\/www.snackonsite.com\/wp-content\/uploads\/2023\/08\/snack-on-site-belgium.png 800w\" sizes=\"auto, (max-width: 768px) 100vw, 768px\" \/>\t\t\t\t\t\t\n\t\t\t\t\t<\/div>\n\t\t\t\t\t\t\t\t\n<style>\n#image_1773543310 {\n  width: 100%;\n}\n<\/style>\n\t<\/div>\n\t\n\t\t<\/div>\n\t\t\t\t\t<\/div>\n\n\t\n\n\t<div id=\"col-119286998\" class=\"col medium-6 small-12 large-6\"  >\n\t\t\t\t<div class=\"col-inner\"  >\n\t\t\t\n\t\t\t\n<h2>Des partenaires dans toute la Belgique<\/h2>\n<p>Snack on site collabore avec des partenaires et des entrepreneurs dans toute la Belgique. Ces partenaires sont soigneusement s\u00e9lectionn\u00e9s pour leur qualit\u00e9, leur saveur et bien s\u00fbr, leur convivialit\u00e9.<\/p>\n<p>En travaillant avec nos partenaires, nous pouvons offrir \u00e0 nos clients un large \u00e9ventail de concepts et de friteries ambulantes. Que ce soit une friterie ambulante \u00e0 domicile ou un concept de restauration \u00e9labor\u00e9 pour des \u00e9v\u00e9nements, nous avons tout ce qu&#8217;il faut.<\/p>\n<p>Si vous avez des questions sur notre collaboration avec nos partenaires ou sur les normes \u00e9lev\u00e9es que nous appliquons \u00e0 nos partenaires, n&#8217;h\u00e9sitez pas \u00e0 nous contacter. Lorsque vous r\u00e9servez avec nous, nous nous engageons \u00e0 fournir une qualit\u00e9 exceptionnelle. Chaque client est un client satisfait qui a h\u00e2te de nous revoir \ud83d\ude42<\/p>\n\t\t<\/div>\n\t\t\t\t\t<\/div>\n\n\t\n<\/div>\n\t\t<\/div>\n\n\t\t\n<style>\n#section_1181861154 {\n  padding-top: 30px;\n  padding-bottom: 30px;\n  background-color: rgb(244, 244, 244);\n}\n<\/style>\n\t<\/section>\n\t\n\n\t<section class=\"section\" id=\"section_115900206\">\n\t\t<div class=\"section-bg fill\" >\n\t\t\t\t\t\t\t\t\t\n\t\t\t\n\n\t\t<\/div>\n\n\t\t\n\n\t\t<div class=\"section-content relative\">\n\t\t\t\n<div class=\"row\"  id=\"row-1448635961\">\n\n\t<div id=\"col-246096538\" class=\"col medium-6 small-12 large-6\"  >\n\t\t\t\t<div class=\"col-inner\"  >\n\t\t\t\n\t\t\t\n<h2>Plus que des frites et des snacks!<\/h2>\n<p>Nous pr\u00e9f\u00e9rons rester simples. Nous proposons des menus standard (y compris \u00e0 volont\u00e9) et un concept simple pour la livraison de frites et des snacks sur place. Cette simplicit\u00e9 est une raison importante pour nos clients de nous choisir.<\/p>\n<p>Cependant, nous pouvons faire bien plus! Si vous cherchez une solution sur mesure pour la restauration de votre f\u00eate ou \u00e9v\u00e9nement, nous sommes l\u00e0 pour vous aider. Le sur-mesure peut concerner la composition d&#8217;un menu, mais aussi l&#8217;am\u00e9nagement complet de la f\u00eate.<\/p>\n<p>Gr\u00e2ce \u00e0 notre r\u00e9seau, nous avons la possibilit\u00e9 de fournir du mat\u00e9riel et de la d\u00e9coration. Pensez aux tentes de r\u00e9ception, des tables de bar, des tabourets et l&#8217;\u00e9clairage de f\u00eate. Cela rend la friterie ambulante encore plus chaleureuse.<\/p>\n<a class=\"button secondary\" style=\"border-radius:5px;\">\n\t\t<span>Bekijk aanbod<\/span>\n\t<\/a>\n\n<a class=\"button primary is-outline\" style=\"border-radius:5px;\">\n\t\t<span>Offerte opvragen<\/span>\n\t<\/a>\n\n\t\t<\/div>\n\t\t\t\t\t<\/div>\n\n\t\n\n\t<div id=\"col-1822794361\" class=\"col medium-6 small-12 large-6\"  >\n\t\t\t\t<div class=\"col-inner\"  >\n\t\t\t\n\t\t\t\n\t<div class=\"img has-hover sos-img-radius x md-x lg-x y md-y lg-y\" id=\"image_2097033068\">\n\t\t\t\t\t\t\t\t<div class=\"img-inner image-cover dark\" style=\"padding-top:75%;\">\n\t\t\t<img loading=\"lazy\" decoding=\"async\" width=\"768\" height=\"559\" src=\"https:\/\/www.snackonsite.com\/wp-content\/uploads\/2023\/10\/friterie-ambulante-Belgique-768x559.jpeg\" class=\"attachment-medium_large size-medium_large\" alt=\"friteries ambulante chez snack on site\" srcset=\"https:\/\/www.snackonsite.com\/wp-content\/uploads\/2023\/10\/friterie-ambulante-Belgique-768x559.jpeg 768w, https:\/\/www.snackonsite.com\/wp-content\/uploads\/2023\/10\/friterie-ambulante-Belgique-300x218.jpeg 300w, https:\/\/www.snackonsite.com\/wp-content\/uploads\/2023\/10\/friterie-ambulante-Belgique-1024x745.jpeg 1024w, https:\/\/www.snackonsite.com\/wp-content\/uploads\/2023\/10\/friterie-ambulante-Belgique.jpeg 1158w\" sizes=\"auto, (max-width: 768px) 100vw, 768px\" \/>\t\t\t\t\t\t\n\t\t\t\t\t<\/div>\n\t\t\t\t\t\t\t\t\n<style>\n#image_2097033068 {\n  width: 100%;\n}\n<\/style>\n\t<\/div>\n\t\n\t\t<\/div>\n\t\t\t\t\t<\/div>\n\n\t\n<\/div>\n\t\t<\/div>\n\n\t\t\n<style>\n#section_115900206 {\n  padding-top: 30px;\n  padding-bottom: 30px;\n}\n<\/style>\n\t<\/section>\n\t\n\n\t<section class=\"section\" id=\"section_421682650\">\n\t\t<div class=\"section-bg fill\" >\n\t\t\t\t\t\t\t\t\t\n\t\t\t\n\n\t\t<\/div>\n\n\t\t\n\n\t\t<div class=\"section-content relative\">\n\t\t\t\n<div class=\"row\"  id=\"row-1164893763\">\n\n\t<div id=\"col-877366235\" class=\"col small-12 large-12\"  >\n\t\t\t\t<div class=\"col-inner\"  >\n\t\t\t\n\t\t\t\n<h2 style=\"text-align: center;\">Fiers de nos clients<\/h2>\n<div class=\"text-center\"><div class=\"is-divider divider clearfix\" style=\"max-width:200px;height:2px;background-color:rgb(180, 180, 180);\"><\/div><\/div>\n\t\t<\/div>\n\t\t\t\t\n<style>\n#col-877366235 > .col-inner {\n  padding: 0px 0px 0px 0px;\n  margin: 0px 0px -20px 0px;\n}\n<\/style>\n\t<\/div>\n\n\t\n\n<style>\n#row-1164893763 > .col > .col-inner {\n  padding: 0px 0px 0px 0px;\n}\n<\/style>\n<\/div>\n<div class=\"row\"  id=\"row-1321630176\">\n\n\t<div id=\"col-453447010\" class=\"col small-12 large-12\"  >\n\t\t\t\t<div class=\"col-inner\"  >\n\t\t\t\n\t\t\t\n<div class=\"slider-wrapper relative\" id=\"slider-316888334\" >\n    <div class=\"slider slider-nav-simple slider-nav-large slider-nav-dark slider-nav-outside slider-style-normal slider-show-nav\"\n        data-flickity-options='{\n            \"cellAlign\": \"center\",\n            \"imagesLoaded\": true,\n            \"lazyLoad\": 1,\n            \"freeScroll\": true,\n            \"wrapAround\": true,\n            \"autoPlay\": 6000,\n            \"pauseAutoPlayOnHover\" : true,\n            \"prevNextButtons\": true,\n            \"contain\" : true,\n            \"adaptiveHeight\" : true,\n            \"dragThreshold\" : 10,\n            \"percentPosition\": true,\n            \"pageDots\": false,\n            \"rightToLeft\": false,\n            \"draggable\": true,\n            \"selectedAttraction\": 0.1,\n            \"parallax\" : 0,\n            \"friction\": 0.6        }'\n        >\n        \n<div class=\"ux-logo has-hover align-middle ux_logo inline-block\" style=\"max-width: 100%!important; width: 130px!important\"><div class=\"ux-logo-link block image-color\" title=\"\" href=\"\" style=\"padding: 15px;\"><img decoding=\"async\" src=\"https:\/\/www.snackonsite.com\/wp-content\/uploads\/2023\/05\/heijmans-logo.png\" title=\"\" alt=\"\" class=\"ux-logo-image block\" style=\"height:50px;\" \/><\/div><\/div>\n<div class=\"ux-logo has-hover align-middle ux_logo inline-block\" style=\"max-width: 100%!important; width: 178.51485148515px!important\"><div class=\"ux-logo-link block image-color\" title=\"\" href=\"\" style=\"padding: 15px;\"><img decoding=\"async\" src=\"https:\/\/www.snackonsite.com\/wp-content\/uploads\/2023\/10\/sodexo-snack-on-site-300x101.png\" title=\"\" alt=\"\" class=\"ux-logo-image block\" style=\"height:50px;\" \/><\/div><\/div>\n<div class=\"ux-logo has-hover align-middle ux_logo inline-block\" style=\"max-width: 100%!important; width: 150px!important\"><div class=\"ux-logo-link block image-color\" title=\"\" href=\"\" style=\"padding: 15px;\"><img decoding=\"async\" src=\"https:\/\/www.snackonsite.com\/wp-content\/uploads\/2023\/10\/Mantel-Logo-Make-it-work-2x-002.png\" title=\"\" alt=\"\" class=\"ux-logo-image block\" style=\"height:50px;\" \/><\/div><\/div>\n<div class=\"ux-logo has-hover align-middle ux_logo inline-block\" style=\"max-width: 100%!important; width: 217.5px!important\"><div class=\"ux-logo-link block image-color\" title=\"\" href=\"\" style=\"padding: 15px;\"><img decoding=\"async\" src=\"https:\/\/www.snackonsite.com\/wp-content\/uploads\/2023\/10\/Vodafone_2017_logo.svg-300x80.png\" title=\"\" alt=\"\" class=\"ux-logo-image block\" style=\"height:50px;\" \/><\/div><\/div>\n<div class=\"ux-logo has-hover align-middle ux_logo inline-block\" style=\"max-width: 100%!important; width: 301.49321266968px!important\"><div class=\"ux-logo-link block image-color\" title=\"\" href=\"\" style=\"padding: 15px;\"><img decoding=\"async\" src=\"https:\/\/www.snackonsite.com\/wp-content\/uploads\/2023\/10\/Philips_logo_new.svg.png\" title=\"\" alt=\"\" class=\"ux-logo-image block\" style=\"height:50px;\" \/><\/div><\/div>\n<div class=\"ux-logo has-hover align-middle ux_logo inline-block\" style=\"max-width: 100%!important; width: 243.33333333333px!important\"><div class=\"ux-logo-link block image-color\" title=\"\" href=\"\" style=\"padding: 15px;\"><img decoding=\"async\" src=\"https:\/\/www.snackonsite.com\/wp-content\/uploads\/2023\/05\/amvest-768x180-1.png\" title=\"\" alt=\"\" class=\"ux-logo-image block\" style=\"height:50px;\" \/><\/div><\/div>\n<div class=\"ux-logo has-hover align-middle ux_logo inline-block\" style=\"max-width: 100%!important; width: 156.54494382022px!important\"><div class=\"ux-logo-link block image-color\" title=\"\" href=\"\" style=\"padding: 15px;\"><img decoding=\"async\" src=\"https:\/\/www.snackonsite.com\/wp-content\/uploads\/2023\/05\/DHL-Logo-1.png\" title=\"\" alt=\"\" class=\"ux-logo-image block\" style=\"height:50px;\" \/><\/div><\/div>\n<div class=\"ux-logo has-hover align-middle ux_logo inline-block\" style=\"max-width: 100%!important; width: 141.88446969697px!important\"><div class=\"ux-logo-link block image-color\" title=\"\" href=\"\" style=\"padding: 15px;\"><img decoding=\"async\" src=\"https:\/\/www.snackonsite.com\/wp-content\/uploads\/2023\/05\/T-Mobile_New_Logo_Primary_RGB_M-on-W.jpg\" title=\"\" alt=\"\" class=\"ux-logo-image block\" style=\"height:50px;\" \/><\/div><\/div>\n     <\/div>\n\n     <div class=\"loading-spin dark large centered\"><\/div>\n\n\t<\/div>\n\n\n\t\t<\/div>\n\t\t\t\t\t<\/div>\n\n\t\n<\/div>\n\t\t<\/div>\n\n\t\t\n<style>\n#section_421682650 {\n  padding-top: 30px;\n  padding-bottom: 30px;\n}\n<\/style>\n\t<\/section>\n\t\n<div class=\"message-box relative\" style=\"padding-top:15px;padding-bottom:15px;\"><div class=\"message-box-bg-image bg-fill fill\" ><\/div><div class=\"message-box-bg-overlay bg-fill fill\" style=\"background-color:rgb(251, 203, 60);\"><\/div><div class=\"container relative\"><div class=\"inner last-reset\">\n<div class=\"row row-large align-equal align-center\"  id=\"row-1782144311\">\n\n\t<div id=\"col-1274946953\" class=\"col medium-8 small-12 large-8\"  >\n\t\t\t\t<div class=\"col-inner\"  >\n\t\t\t\n\t\t\t\n<h3>Contactez-nous!<\/h3>\n<p>Nous r\u00e9pondons avec plaisirs \u00e0 toutes vos questions, puis nous nous occupons de r\u00e9galer vos papilles sur place.<\/p>\n\t\t<\/div>\n\t\t\t\t\t<\/div>\n\n\t\n\n\t<div id=\"col-1406809178\" class=\"col medium-3 small-12 large-3\"  >\n\t\t\t\t<div class=\"col-inner text-center\"  >\n\t\t\t\n\t\t\t\n<a href=\"https:\/\/www.snackonsite.com\/fr-be\/contact\/\" class=\"button white is-outline is-large\" style=\"padding:0px 5px 0px 5px;\">\n\t\t<span>Contact<\/span>\n\t<\/a>\n\n\t\t<\/div>\n\t\t\t\t\n<style>\n#col-1406809178 > .col-inner {\n  padding: 10px 0px 0px 0px;\n  margin: 10px 0px 0px 0px;\n}\n<\/style>\n\t<\/div>\n\n\t\n<\/div>\n<\/div><\/div><\/div>\n","protected":false},"excerpt":{"rendered":"","protected":false},"author":1,"featured_media":0,"parent":0,"menu_order":0,"comment_status":"closed","ping_status":"closed","template":"page-blank.php","meta":{"_yoast_wpseo_focuskw":"\u00c0 propos","_yoast_wpseo_title":"","_yoast_wpseo_metadesc":"","footnotes":""},"class_list":["post-915","page","type-page","status-publish","hentry"],"yoast_head":"<!-- This site is optimized with the Yoast SEO plugin v27.5 - https:\/\/yoast.com\/product\/yoast-seo-wordpress\/ -->\n<title>\u00c0 propos - Snack on site<\/title>\n<meta name=\"robots\" content=\"index, follow, max-snippet:-1, max-image-preview:large, max-video-preview:-1\" \/>\n<link rel=\"canonical\" href=\"https:\/\/www.snackonsite.com\/fr-be\/a-propos\/\" \/>\n<meta property=\"og:locale\" content=\"fr_FR\" \/>\n<meta property=\"og:type\" content=\"article\" \/>\n<meta property=\"og:title\" content=\"\u00c0 propos - Snack on site\" \/>\n<meta property=\"og:url\" content=\"https:\/\/www.snackonsite.com\/fr-be\/a-propos\/\" \/>\n<meta property=\"og:site_name\" content=\"Snack on site\" \/>\n<meta property=\"article:modified_time\" content=\"2024-01-18T15:14:39+00:00\" \/>\n<meta name=\"twitter:card\" content=\"summary_large_image\" \/>\n<script type=\"application\/ld+json\" class=\"yoast-schema-graph\">{\"@context\":\"https:\\\/\\\/schema.org\",\"@graph\":[{\"@type\":\"WebPage\",\"@id\":\"https:\\\/\\\/www.snackonsite.com\\\/fr-be\\\/a-propos\\\/\",\"url\":\"https:\\\/\\\/www.snackonsite.com\\\/fr-be\\\/a-propos\\\/\",\"name\":\"\u00c0 propos - Snack on site\",\"isPartOf\":{\"@id\":\"https:\\\/\\\/www.snackonsite.com\\\/fr-be\\\/#website\"},\"datePublished\":\"2023-05-16T21:14:10+00:00\",\"dateModified\":\"2024-01-18T15:14:39+00:00\",\"breadcrumb\":{\"@id\":\"https:\\\/\\\/www.snackonsite.com\\\/fr-be\\\/a-propos\\\/#breadcrumb\"},\"inLanguage\":\"fr-BE\",\"potentialAction\":[{\"@type\":\"ReadAction\",\"target\":[\"https:\\\/\\\/www.snackonsite.com\\\/fr-be\\\/a-propos\\\/\"]}]},{\"@type\":\"BreadcrumbList\",\"@id\":\"https:\\\/\\\/www.snackonsite.com\\\/fr-be\\\/a-propos\\\/#breadcrumb\",\"itemListElement\":[{\"@type\":\"ListItem\",\"position\":1,\"name\":\"Home\",\"item\":\"https:\\\/\\\/www.snackonsite.com\\\/fr-be\\\/\"},{\"@type\":\"ListItem\",\"position\":2,\"name\":\"\u00c0 propos\"}]},{\"@type\":\"WebSite\",\"@id\":\"https:\\\/\\\/www.snackonsite.com\\\/fr-be\\\/#website\",\"url\":\"https:\\\/\\\/www.snackonsite.com\\\/fr-be\\\/\",\"name\":\"Snack on site\",\"description\":\"Foodtrucks for all!\",\"publisher\":{\"@id\":\"https:\\\/\\\/www.snackonsite.com\\\/fr-be\\\/#organization\"},\"potentialAction\":[{\"@type\":\"SearchAction\",\"target\":{\"@type\":\"EntryPoint\",\"urlTemplate\":\"https:\\\/\\\/www.snackonsite.com\\\/fr-be\\\/?s={search_term_string}\"},\"query-input\":{\"@type\":\"PropertyValueSpecification\",\"valueRequired\":true,\"valueName\":\"search_term_string\"}}],\"inLanguage\":\"fr-BE\"},{\"@type\":\"Organization\",\"@id\":\"https:\\\/\\\/www.snackonsite.com\\\/fr-be\\\/#organization\",\"name\":\"Snack on site\",\"url\":\"https:\\\/\\\/www.snackonsite.com\\\/fr-be\\\/\",\"logo\":{\"@type\":\"ImageObject\",\"inLanguage\":\"fr-BE\",\"@id\":\"https:\\\/\\\/www.snackonsite.com\\\/fr-be\\\/#\\\/schema\\\/logo\\\/image\\\/\",\"url\":\"https:\\\/\\\/www.snackonsite.com\\\/wp-content\\\/uploads\\\/2023\\\/07\\\/test_logo.png\",\"contentUrl\":\"https:\\\/\\\/www.snackonsite.com\\\/wp-content\\\/uploads\\\/2023\\\/07\\\/test_logo.png\",\"width\":548,\"height\":455,\"caption\":\"Snack on site\"},\"image\":{\"@id\":\"https:\\\/\\\/www.snackonsite.com\\\/fr-be\\\/#\\\/schema\\\/logo\\\/image\\\/\"}}]}<\/script>\n<!-- \/ Yoast SEO plugin. -->","yoast_head_json":{"title":"\u00c0 propos - Snack on site","robots":{"index":"index","follow":"follow","max-snippet":"max-snippet:-1","max-image-preview":"max-image-preview:large","max-video-preview":"max-video-preview:-1"},"canonical":"https:\/\/www.snackonsite.com\/fr-be\/a-propos\/","og_locale":"fr_FR","og_type":"article","og_title":"\u00c0 propos - Snack on site","og_url":"https:\/\/www.snackonsite.com\/fr-be\/a-propos\/","og_site_name":"Snack on site","article_modified_time":"2024-01-18T15:14:39+00:00","twitter_card":"summary_large_image","schema":{"@context":"https:\/\/schema.org","@graph":[{"@type":"WebPage","@id":"https:\/\/www.snackonsite.com\/fr-be\/a-propos\/","url":"https:\/\/www.snackonsite.com\/fr-be\/a-propos\/","name":"\u00c0 propos - Snack on site","isPartOf":{"@id":"https:\/\/www.snackonsite.com\/fr-be\/#website"},"datePublished":"2023-05-16T21:14:10+00:00","dateModified":"2024-01-18T15:14:39+00:00","breadcrumb":{"@id":"https:\/\/www.snackonsite.com\/fr-be\/a-propos\/#breadcrumb"},"inLanguage":"fr-BE","potentialAction":[{"@type":"ReadAction","target":["https:\/\/www.snackonsite.com\/fr-be\/a-propos\/"]}]},{"@type":"BreadcrumbList","@id":"https:\/\/www.snackonsite.com\/fr-be\/a-propos\/#breadcrumb","itemListElement":[{"@type":"ListItem","position":1,"name":"Home","item":"https:\/\/www.snackonsite.com\/fr-be\/"},{"@type":"ListItem","position":2,"name":"\u00c0 propos"}]},{"@type":"WebSite","@id":"https:\/\/www.snackonsite.com\/fr-be\/#website","url":"https:\/\/www.snackonsite.com\/fr-be\/","name":"Snack on site","description":"Foodtrucks for all!","publisher":{"@id":"https:\/\/www.snackonsite.com\/fr-be\/#organization"},"potentialAction":[{"@type":"SearchAction","target":{"@type":"EntryPoint","urlTemplate":"https:\/\/www.snackonsite.com\/fr-be\/?s={search_term_string}"},"query-input":{"@type":"PropertyValueSpecification","valueRequired":true,"valueName":"search_term_string"}}],"inLanguage":"fr-BE"},{"@type":"Organization","@id":"https:\/\/www.snackonsite.com\/fr-be\/#organization","name":"Snack on site","url":"https:\/\/www.snackonsite.com\/fr-be\/","logo":{"@type":"ImageObject","inLanguage":"fr-BE","@id":"https:\/\/www.snackonsite.com\/fr-be\/#\/schema\/logo\/image\/","url":"https:\/\/www.snackonsite.com\/wp-content\/uploads\/2023\/07\/test_logo.png","contentUrl":"https:\/\/www.snackonsite.com\/wp-content\/uploads\/2023\/07\/test_logo.png","width":548,"height":455,"caption":"Snack on site"},"image":{"@id":"https:\/\/www.snackonsite.com\/fr-be\/#\/schema\/logo\/image\/"}}]}},"_links":{"self":[{"href":"https:\/\/www.snackonsite.com\/fr-be\/wp-json\/wp\/v2\/pages\/915","targetHints":{"allow":["GET"]}}],"collection":[{"href":"https:\/\/www.snackonsite.com\/fr-be\/wp-json\/wp\/v2\/pages"}],"about":[{"href":"https:\/\/www.snackonsite.com\/fr-be\/wp-json\/wp\/v2\/types\/page"}],"author":[{"embeddable":true,"href":"https:\/\/www.snackonsite.com\/fr-be\/wp-json\/wp\/v2\/users\/1"}],"replies":[{"embeddable":true,"href":"https:\/\/www.snackonsite.com\/fr-be\/wp-json\/wp\/v2\/comments?post=915"}],"version-history":[{"count":3,"href":"https:\/\/www.snackonsite.com\/fr-be\/wp-json\/wp\/v2\/pages\/915\/revisions"}],"predecessor-version":[{"id":1438,"href":"https:\/\/www.snackonsite.com\/fr-be\/wp-json\/wp\/v2\/pages\/915\/revisions\/1438"}],"wp:attachment":[{"href":"https:\/\/www.snackonsite.com\/fr-be\/wp-json\/wp\/v2\/media?parent=915"}],"curies":[{"name":"wp","href":"https:\/\/api.w.org\/{rel}","templated":true}]}}